{"id":1103,"date":"2022-09-16T11:48:58","date_gmt":"2022-09-16T10:48:58","guid":{"rendered":"https:\/\/matthiaskamann.com\/?page_id=1103"},"modified":"2024-02-03T06:56:16","modified_gmt":"2024-02-03T05:56:16","slug":"schweden-fuer-anfaenger","status":"publish","type":"page","link":"https:\/\/matthiaskamann.com\/de\/schweden-fuer-anfaenger\/","title":{"rendered":"Schweden f\u00fcr Anf\u00e4nger: Wie du schwedisch wirst \u2013 in 55 Schritten"},"content":{"rendered":"\n<p>Unterhaltsames Buch \u00fcber Schweden, schwedische Kultur und Eigenarten<\/p>\n\n\n\n<figure class=\"wp-block-image size-large is-resized\"><a href=\"https:\/\/matthiaskamann.com\/wp-content\/uploads\/2022\/09\/180801-Schweden-fu\u0308r-Anfa\u0308nger-book-cover-3d-Buch-Umschlag.png\"><img loading=\"lazy\" decoding=\"async\" width=\"748\" height=\"1024\" src=\"https:\/\/matthiaskamann.com\/wp-content\/uploads\/2022\/09\/180801-Schweden-fu\u0308r-Anfa\u0308nger-book-cover-3d-Buch-Umschlag-748x1024.png\" alt=\"Buch \u00fcber Schweden und schwedische Kultur - Schweden f\u00fcr Anf\u00e4nger\" class=\"wp-image-1104\" style=\"width:600px\" srcset=\"https:\/\/matthiaskamann.com\/wp-content\/uploads\/2022\/09\/180801-Schweden-fu\u0308r-Anfa\u0308nger-book-cover-3d-Buch-Umschlag-748x1024.png 748w, https:\/\/matthiaskamann.com\/wp-content\/uploads\/2022\/09\/180801-Schweden-fu\u0308r-Anfa\u0308nger-book-cover-3d-Buch-Umschlag-600x822.png 600w, https:\/\/matthiaskamann.com\/wp-content\/uploads\/2022\/09\/180801-Schweden-fu\u0308r-Anfa\u0308nger-book-cover-3d-Buch-Umschlag-219x300.png 219w, https:\/\/matthiaskamann.com\/wp-content\/uploads\/2022\/09\/180801-Schweden-fu\u0308r-Anfa\u0308nger-book-cover-3d-Buch-Umschlag-768x1052.png 768w, https:\/\/matthiaskamann.com\/wp-content\/uploads\/2022\/09\/180801-Schweden-fu\u0308r-Anfa\u0308nger-book-cover-3d-Buch-Umschlag.png 1050w\" sizes=\"auto, (max-width: 748px) 100vw, 748px\" \/><\/a><\/figure>\n\n\n\n<p><strong>Hast du vor, nach Schweden zu reisen?<\/strong> Oder dort wegen deines Studiums, deiner Arbeit oder der Liebe hinzuziehen? F\u00fcrchtest du dich vor einem schwedischen Kulturschock?<br>Matthias, ein &#8220;professioneller Neuschwede&#8221;, wird dir in 55 leichten Schritten erkl\u00e4ren, wie du dich wie ein typischer Schwede verh\u00e4ltst.In diesem Buch wirst du zum Beispiel lernen, wie du:<\/p>\n\n\n\n<ul class=\"wp-block-list\">\n<li>Dich mit Schweden unterh\u00e4ltst, ohne dich zu blamieren<\/li>\n\n\n\n<li>Schwedische Traditionen feierst<\/li>\n\n\n\n<li>Wie ein Schwede flirtest<\/li>\n<\/ul>\n\n\n\n<p>Finde heraus, warum:<\/p>\n\n\n\n<ul class=\"wp-block-list\">\n<li>\u2026 Schweden nach Sonne, Natur und einer sozialen T\u00e4tigkeit namens fika verr\u00fcckt sind<\/li>\n\n\n\n<li>\u2026 Schweden im Juli nicht arbeiten<\/li>\n\n\n\n<li>\u2026 Schweden wie kleine Fr\u00f6sche um einen Pfahl tanzen, der einem riesigen Phallus \u00e4hnelt<\/li>\n<\/ul>\n\n\n\n<p>\u2026 und viele weitere Schritte, wie du dich in Schweden problemlos integrierst.<br>Erfahre, wovor die Schweden Angst haben und was ihre Leidenschaften sind.<br>Mach dich gefasst auf eine&nbsp;<em>fantastisk<\/em>&nbsp;Zeit in Schweden!<\/p>\n\n\n\n<p class=\"has-text-align-center\"><a href=\"https:\/\/amzn.to\/2voQhcg\" target=\"_blank\" rel=\"noreferrer noopener\"><strong>Jetzt bei Amazon bestellen<\/strong><\/a><\/p>\n\n\n\n<figure class=\"wp-block-image size-large is-resized\"><a href=\"https:\/\/matthiaskamann.com\/wp-content\/uploads\/2022\/09\/Schweden-fu\u0308r-Anfa\u0308nger-Buch-Bewertung-Amazon-00001.png\"><img loading=\"lazy\" decoding=\"async\" width=\"1024\" height=\"254\" src=\"https:\/\/matthiaskamann.com\/wp-content\/uploads\/2022\/09\/Schweden-fu\u0308r-Anfa\u0308nger-Buch-Bewertung-Amazon-00001-1024x254.png\" alt=\"Schweden f\u00fcr Anf\u00e4nger Bewertung auf Amazon\" class=\"wp-image-1107\" style=\"width:662px;height:164px\" srcset=\"https:\/\/matthiaskamann.com\/wp-content\/uploads\/2022\/09\/Schweden-fu\u0308r-Anfa\u0308nger-Buch-Bewertung-Amazon-00001-1024x254.png 1024w, https:\/\/matthiaskamann.com\/wp-content\/uploads\/2022\/09\/Schweden-fu\u0308r-Anfa\u0308nger-Buch-Bewertung-Amazon-00001-600x149.png 600w, https:\/\/matthiaskamann.com\/wp-content\/uploads\/2022\/09\/Schweden-fu\u0308r-Anfa\u0308nger-Buch-Bewertung-Amazon-00001-300x75.png 300w, https:\/\/matthiaskamann.com\/wp-content\/uploads\/2022\/09\/Schweden-fu\u0308r-Anfa\u0308nger-Buch-Bewertung-Amazon-00001-768x191.png 768w, https:\/\/matthiaskamann.com\/wp-content\/uploads\/2022\/09\/Schweden-fu\u0308r-Anfa\u0308nger-Buch-Bewertung-Amazon-00001.png 1248w\" sizes=\"auto, (max-width: 1024px) 100vw, 1024px\" \/><\/a><\/figure>\n\n\n\n<figure class=\"wp-block-image size-large is-resized\"><a href=\"https:\/\/matthiaskamann.com\/wp-content\/uploads\/2022\/09\/Schweden-fu\u0308r-Anfa\u0308nger-Buch-Bewertung-Amazon-00002.png\"><img loading=\"lazy\" decoding=\"async\" width=\"1024\" height=\"189\" src=\"https:\/\/matthiaskamann.com\/wp-content\/uploads\/2022\/09\/Schweden-fu\u0308r-Anfa\u0308nger-Buch-Bewertung-Amazon-00002-1024x189.png\" alt=\"Schweden f\u00fcr Anf\u00e4nger Bewertung auf Amazon\" class=\"wp-image-1110\" style=\"width:768px;height:142px\" srcset=\"https:\/\/matthiaskamann.com\/wp-content\/uploads\/2022\/09\/Schweden-fu\u0308r-Anfa\u0308nger-Buch-Bewertung-Amazon-00002-1024x189.png 1024w, https:\/\/matthiaskamann.com\/wp-content\/uploads\/2022\/09\/Schweden-fu\u0308r-Anfa\u0308nger-Buch-Bewertung-Amazon-00002-600x111.png 600w, https:\/\/matthiaskamann.com\/wp-content\/uploads\/2022\/09\/Schweden-fu\u0308r-Anfa\u0308nger-Buch-Bewertung-Amazon-00002-300x55.png 300w, https:\/\/matthiaskamann.com\/wp-content\/uploads\/2022\/09\/Schweden-fu\u0308r-Anfa\u0308nger-Buch-Bewertung-Amazon-00002-768x142.png 768w, https:\/\/matthiaskamann.com\/wp-content\/uploads\/2022\/09\/Schweden-fu\u0308r-Anfa\u0308nger-Buch-Bewertung-Amazon-00002.png 1410w\" sizes=\"auto, (max-width: 1024px) 100vw, 1024px\" \/><\/a><\/figure>\n\n\n\n<figure class=\"wp-block-image size-large is-resized\"><a href=\"https:\/\/matthiaskamann.com\/wp-content\/uploads\/2022\/09\/Schweden-fu\u0308r-Anfa\u0308nger-Buch-Bewertung-Amazon-00003.png\"><img loading=\"lazy\" decoding=\"async\" width=\"1024\" height=\"253\" src=\"https:\/\/matthiaskamann.com\/wp-content\/uploads\/2022\/09\/Schweden-fu\u0308r-Anfa\u0308nger-Buch-Bewertung-Amazon-00003-1024x253.png\" alt=\"Schweden f\u00fcr Anf\u00e4nger Bewertung auf Amazon\" class=\"wp-image-1113\" style=\"width:768px;height:190px\" srcset=\"https:\/\/matthiaskamann.com\/wp-content\/uploads\/2022\/09\/Schweden-fu\u0308r-Anfa\u0308nger-Buch-Bewertung-Amazon-00003-1024x253.png 1024w, https:\/\/matthiaskamann.com\/wp-content\/uploads\/2022\/09\/Schweden-fu\u0308r-Anfa\u0308nger-Buch-Bewertung-Amazon-00003-600x148.png 600w, https:\/\/matthiaskamann.com\/wp-content\/uploads\/2022\/09\/Schweden-fu\u0308r-Anfa\u0308nger-Buch-Bewertung-Amazon-00003-300x74.png 300w, https:\/\/matthiaskamann.com\/wp-content\/uploads\/2022\/09\/Schweden-fu\u0308r-Anfa\u0308nger-Buch-Bewertung-Amazon-00003-768x190.png 768w, https:\/\/matthiaskamann.com\/wp-content\/uploads\/2022\/09\/Schweden-fu\u0308r-Anfa\u0308nger-Buch-Bewertung-Amazon-00003.png 1426w\" sizes=\"auto, (max-width: 1024px) 100vw, 1024px\" \/><\/a><\/figure>\n\n\n\n<p class=\"has-text-align-center\"><a href=\"https:\/\/amzn.to\/2voQhcg\" target=\"_blank\" rel=\"noreferrer noopener\"><strong>Jetzt bei Amazon bestellen<\/strong><\/a><\/p>\n\n\n\n<hr class=\"wp-block-separator has-alpha-channel-opacity\"\/>\n\n\n\n<p>Auch auf Englisch erh\u00e4ltlich: <em><a href=\"https:\/\/matthiaskamann.com\/how-to-be-swedish\/\" target=\"_blank\" rel=\"noreferrer noopener\">How to be Swedish: A Quick Guide to Swedishness &#8211; in 55 Steps<\/a><\/em><\/p>\n\n\n\n<p class=\"has-text-align-center\">Folge @HowtobeSwedish auf <a href=\"https:\/\/www.instagram.com\/HowtobeSwedish\/\" target=\"_blank\" rel=\"noreferrer noopener\">Instagram<\/a>&nbsp;und <a href=\"https:\/\/www.facebook.com\/HowtobeSwedish\/\" target=\"_blank\" rel=\"noreferrer noopener\">Facebook<\/a><\/p>\n","protected":false},"excerpt":{"rendered":"<p>Unterhaltsames Buch \u00fcber Schweden, schwedische Kultur und Eigenarten Hast du vor, nach Schweden zu reisen? Oder dort wegen deines Studiums, deiner Arbeit oder der Liebe hinzuziehen? F\u00fcrchtest du dich vor einem schwedischen Kulturschock?Matthias, ein &#8220;professioneller Neuschwede&#8221;, wird dir in 55 leichten Schritten erkl\u00e4ren, wie du dich wie ein typischer Schwede verh\u00e4ltst.In diesem Buch wirst du &#8230; <\/p>\n<p class=\"read-more-container\"><a title=\"Schweden f\u00fcr Anf\u00e4nger: Wie du schwedisch wirst \u2013 in 55 Schritten\" class=\"read-more button\" href=\"https:\/\/matthiaskamann.com\/de\/schweden-fuer-anfaenger\/#more-1103\" aria-label=\"Read more about Schweden f\u00fcr Anf\u00e4nger: Wie du schwedisch wirst \u2013 in 55 Schritten\">Read more<\/a><\/p>\n","protected":false},"author":2,"featured_media":1104,"parent":0,"menu_order":0,"comment_status":"closed","ping_status":"closed","template":"","meta":{"generate_page_header":"","footnotes":""},"class_list":["post-1103","page","type-page","status-publish","has-post-thumbnail"],"yoast_head":"<!-- This site is optimized with the Yoast SEO plugin v27.5 - https:\/\/yoast.com\/product\/yoast-seo-wordpress\/ -->\n<title>Schweden f\u00fcr Anf\u00e4nger: Wie du schwedisch wirst \u2013 in 55 Schritten - Matthias Kamann<\/title>\n<meta name=\"robots\" content=\"index, follow, max-snippet:-1, max-image-preview:large, max-video-preview:-1\" \/>\n<link rel=\"canonical\" href=\"https:\/\/matthiaskamann.com\/de\/schweden-fuer-anfaenger\/\" \/>\n<meta property=\"og:locale\" content=\"de_DE\" \/>\n<meta property=\"og:type\" content=\"article\" \/>\n<meta property=\"og:title\" content=\"Schweden f\u00fcr Anf\u00e4nger: Wie du schwedisch wirst \u2013 in 55 Schritten - Matthias Kamann\" \/>\n<meta property=\"og:description\" content=\"Unterhaltsames Buch \u00fcber Schweden, schwedische Kultur und Eigenarten Hast du vor, nach Schweden zu reisen? Oder dort wegen deines Studiums, deiner Arbeit oder der Liebe hinzuziehen? F\u00fcrchtest du dich vor einem schwedischen Kulturschock?Matthias, ein &#8220;professioneller Neuschwede&#8221;, wird dir in 55 leichten Schritten erkl\u00e4ren, wie du dich wie ein typischer Schwede verh\u00e4ltst.In diesem Buch wirst du ... Read more\" \/>\n<meta property=\"og:url\" content=\"https:\/\/matthiaskamann.com\/de\/schweden-fuer-anfaenger\/\" \/>\n<meta property=\"og:site_name\" content=\"Matthias Kamann\" \/>\n<meta property=\"article:modified_time\" content=\"2024-02-03T05:56:16+00:00\" \/>\n<meta property=\"og:image\" content=\"https:\/\/matthiaskamann.com\/wp-content\/uploads\/2022\/09\/180801-Schweden-fu\u0308r-Anfa\u0308nger-book-cover-3d-Buch-Umschlag.png\" \/>\n\t<meta property=\"og:image:width\" content=\"1050\" \/>\n\t<meta property=\"og:image:height\" content=\"1438\" \/>\n\t<meta property=\"og:image:type\" content=\"image\/png\" \/>\n<meta name=\"twitter:card\" content=\"summary_large_image\" \/>\n<meta name=\"twitter:site\" content=\"@matthiaskamann\" \/>\n<meta name=\"twitter:label1\" content=\"Gesch\u00e4tzte Lesezeit\" \/>\n\t<meta name=\"twitter:data1\" content=\"2 minutes\" \/>\n<script type=\"application\/ld+json\" class=\"yoast-schema-graph\">{\"@context\":\"https:\\\/\\\/schema.org\",\"@graph\":[{\"@type\":\"WebPage\",\"@id\":\"https:\\\/\\\/matthiaskamann.com\\\/de\\\/schweden-fuer-anfaenger\\\/\",\"url\":\"https:\\\/\\\/matthiaskamann.com\\\/de\\\/schweden-fuer-anfaenger\\\/\",\"name\":\"Schweden f\u00fcr Anf\u00e4nger: Wie du schwedisch wirst \u2013 in 55 Schritten - Matthias Kamann\",\"isPartOf\":{\"@id\":\"https:\\\/\\\/matthiaskamann.com\\\/de\\\/#website\"},\"primaryImageOfPage\":{\"@id\":\"https:\\\/\\\/matthiaskamann.com\\\/de\\\/schweden-fuer-anfaenger\\\/#primaryimage\"},\"image\":{\"@id\":\"https:\\\/\\\/matthiaskamann.com\\\/de\\\/schweden-fuer-anfaenger\\\/#primaryimage\"},\"thumbnailUrl\":\"https:\\\/\\\/matthiaskamann.com\\\/wp-content\\\/uploads\\\/2022\\\/09\\\/180801-Schweden-fu\u0308r-Anfa\u0308nger-book-cover-3d-Buch-Umschlag.png\",\"datePublished\":\"2022-09-16T10:48:58+00:00\",\"dateModified\":\"2024-02-03T05:56:16+00:00\",\"breadcrumb\":{\"@id\":\"https:\\\/\\\/matthiaskamann.com\\\/de\\\/schweden-fuer-anfaenger\\\/#breadcrumb\"},\"inLanguage\":\"de-DE\",\"potentialAction\":[{\"@type\":\"ReadAction\",\"target\":[\"https:\\\/\\\/matthiaskamann.com\\\/de\\\/schweden-fuer-anfaenger\\\/\"]}]},{\"@type\":\"ImageObject\",\"inLanguage\":\"de-DE\",\"@id\":\"https:\\\/\\\/matthiaskamann.com\\\/de\\\/schweden-fuer-anfaenger\\\/#primaryimage\",\"url\":\"https:\\\/\\\/matthiaskamann.com\\\/wp-content\\\/uploads\\\/2022\\\/09\\\/180801-Schweden-fu\u0308r-Anfa\u0308nger-book-cover-3d-Buch-Umschlag.png\",\"contentUrl\":\"https:\\\/\\\/matthiaskamann.com\\\/wp-content\\\/uploads\\\/2022\\\/09\\\/180801-Schweden-fu\u0308r-Anfa\u0308nger-book-cover-3d-Buch-Umschlag.png\",\"width\":1050,\"height\":1438,\"caption\":\"Buch \u00fcber Schweden: Schweden f\u00fcr Anf\u00e4nger\"},{\"@type\":\"BreadcrumbList\",\"@id\":\"https:\\\/\\\/matthiaskamann.com\\\/de\\\/schweden-fuer-anfaenger\\\/#breadcrumb\",\"itemListElement\":[{\"@type\":\"ListItem\",\"position\":1,\"name\":\"Home\",\"item\":\"https:\\\/\\\/matthiaskamann.com\\\/de\\\/\"},{\"@type\":\"ListItem\",\"position\":2,\"name\":\"Schweden f\u00fcr Anf\u00e4nger: Wie du schwedisch wirst \u2013 in 55 Schritten\"}]},{\"@type\":\"WebSite\",\"@id\":\"https:\\\/\\\/matthiaskamann.com\\\/de\\\/#website\",\"url\":\"https:\\\/\\\/matthiaskamann.com\\\/de\\\/\",\"name\":\"Matthias Kamann\",\"description\":\"Author, Blogger &amp; Professional &quot;New-Swede&quot;\",\"publisher\":{\"@id\":\"https:\\\/\\\/matthiaskamann.com\\\/de\\\/#\\\/schema\\\/person\\\/e8b29813fd9acaa289169dbfe2cdbc51\"},\"potentialAction\":[{\"@type\":\"SearchAction\",\"target\":{\"@type\":\"EntryPoint\",\"urlTemplate\":\"https:\\\/\\\/matthiaskamann.com\\\/de\\\/?s={search_term_string}\"},\"query-input\":{\"@type\":\"PropertyValueSpecification\",\"valueRequired\":true,\"valueName\":\"search_term_string\"}}],\"inLanguage\":\"de-DE\"},{\"@type\":[\"Person\",\"Organization\"],\"@id\":\"https:\\\/\\\/matthiaskamann.com\\\/de\\\/#\\\/schema\\\/person\\\/e8b29813fd9acaa289169dbfe2cdbc51\",\"name\":\"Matthias Kamann\",\"image\":{\"@type\":\"ImageObject\",\"inLanguage\":\"de-DE\",\"@id\":\"https:\\\/\\\/matthiaskamann.com\\\/wp-content\\\/uploads\\\/2023\\\/03\\\/cropped-Matthias-Kamann-Logo-2023-230308-1-sq.png\",\"url\":\"https:\\\/\\\/matthiaskamann.com\\\/wp-content\\\/uploads\\\/2023\\\/03\\\/cropped-Matthias-Kamann-Logo-2023-230308-1-sq.png\",\"contentUrl\":\"https:\\\/\\\/matthiaskamann.com\\\/wp-content\\\/uploads\\\/2023\\\/03\\\/cropped-Matthias-Kamann-Logo-2023-230308-1-sq.png\",\"width\":512,\"height\":512,\"caption\":\"Matthias Kamann\"},\"logo\":{\"@id\":\"https:\\\/\\\/matthiaskamann.com\\\/wp-content\\\/uploads\\\/2023\\\/03\\\/cropped-Matthias-Kamann-Logo-2023-230308-1-sq.png\"},\"description\":\"Matthias is an author, designer and professional new-Swede living in the South of Sweden. He explores the country, looking for the most beautiful locations and exciting experiences. In his books depicts and explains the quirks of Swedish culture. Matthias' design work is inspired by the simplicity of Scandinavian lifestyle and idyllic nature, influenced by his love for Sweden, spiced with a pinch of (sometimes silly) sense of humour.\",\"sameAs\":[\"https:\\\/\\\/matthiaskamann.com\",\"https:\\\/\\\/www.instagram.com\\\/matthiaskamann\\\/\",\"https:\\\/\\\/x.com\\\/matthiaskamann\"]}]}<\/script>\n<!-- \/ Yoast SEO plugin. -->","yoast_head_json":{"title":"Schweden f\u00fcr Anf\u00e4nger: Wie du schwedisch wirst \u2013 in 55 Schritten - Matthias Kamann","robots":{"index":"index","follow":"follow","max-snippet":"max-snippet:-1","max-image-preview":"max-image-preview:large","max-video-preview":"max-video-preview:-1"},"canonical":"https:\/\/matthiaskamann.com\/de\/schweden-fuer-anfaenger\/","og_locale":"de_DE","og_type":"article","og_title":"Schweden f\u00fcr Anf\u00e4nger: Wie du schwedisch wirst \u2013 in 55 Schritten - Matthias Kamann","og_description":"Unterhaltsames Buch \u00fcber Schweden, schwedische Kultur und Eigenarten Hast du vor, nach Schweden zu reisen? Oder dort wegen deines Studiums, deiner Arbeit oder der Liebe hinzuziehen? F\u00fcrchtest du dich vor einem schwedischen Kulturschock?Matthias, ein &#8220;professioneller Neuschwede&#8221;, wird dir in 55 leichten Schritten erkl\u00e4ren, wie du dich wie ein typischer Schwede verh\u00e4ltst.In diesem Buch wirst du ... Read more","og_url":"https:\/\/matthiaskamann.com\/de\/schweden-fuer-anfaenger\/","og_site_name":"Matthias Kamann","article_modified_time":"2024-02-03T05:56:16+00:00","og_image":[{"width":1050,"height":1438,"url":"https:\/\/matthiaskamann.com\/wp-content\/uploads\/2022\/09\/180801-Schweden-fu\u0308r-Anfa\u0308nger-book-cover-3d-Buch-Umschlag.png","type":"image\/png"}],"twitter_card":"summary_large_image","twitter_site":"@matthiaskamann","twitter_misc":{"Gesch\u00e4tzte Lesezeit":"2 minutes"},"schema":{"@context":"https:\/\/schema.org","@graph":[{"@type":"WebPage","@id":"https:\/\/matthiaskamann.com\/de\/schweden-fuer-anfaenger\/","url":"https:\/\/matthiaskamann.com\/de\/schweden-fuer-anfaenger\/","name":"Schweden f\u00fcr Anf\u00e4nger: Wie du schwedisch wirst \u2013 in 55 Schritten - Matthias Kamann","isPartOf":{"@id":"https:\/\/matthiaskamann.com\/de\/#website"},"primaryImageOfPage":{"@id":"https:\/\/matthiaskamann.com\/de\/schweden-fuer-anfaenger\/#primaryimage"},"image":{"@id":"https:\/\/matthiaskamann.com\/de\/schweden-fuer-anfaenger\/#primaryimage"},"thumbnailUrl":"https:\/\/matthiaskamann.com\/wp-content\/uploads\/2022\/09\/180801-Schweden-fu\u0308r-Anfa\u0308nger-book-cover-3d-Buch-Umschlag.png","datePublished":"2022-09-16T10:48:58+00:00","dateModified":"2024-02-03T05:56:16+00:00","breadcrumb":{"@id":"https:\/\/matthiaskamann.com\/de\/schweden-fuer-anfaenger\/#breadcrumb"},"inLanguage":"de-DE","potentialAction":[{"@type":"ReadAction","target":["https:\/\/matthiaskamann.com\/de\/schweden-fuer-anfaenger\/"]}]},{"@type":"ImageObject","inLanguage":"de-DE","@id":"https:\/\/matthiaskamann.com\/de\/schweden-fuer-anfaenger\/#primaryimage","url":"https:\/\/matthiaskamann.com\/wp-content\/uploads\/2022\/09\/180801-Schweden-fu\u0308r-Anfa\u0308nger-book-cover-3d-Buch-Umschlag.png","contentUrl":"https:\/\/matthiaskamann.com\/wp-content\/uploads\/2022\/09\/180801-Schweden-fu\u0308r-Anfa\u0308nger-book-cover-3d-Buch-Umschlag.png","width":1050,"height":1438,"caption":"Buch \u00fcber Schweden: Schweden f\u00fcr Anf\u00e4nger"},{"@type":"BreadcrumbList","@id":"https:\/\/matthiaskamann.com\/de\/schweden-fuer-anfaenger\/#breadcrumb","itemListElement":[{"@type":"ListItem","position":1,"name":"Home","item":"https:\/\/matthiaskamann.com\/de\/"},{"@type":"ListItem","position":2,"name":"Schweden f\u00fcr Anf\u00e4nger: Wie du schwedisch wirst \u2013 in 55 Schritten"}]},{"@type":"WebSite","@id":"https:\/\/matthiaskamann.com\/de\/#website","url":"https:\/\/matthiaskamann.com\/de\/","name":"Matthias Kamann","description":"Author, Blogger &amp; Professional &quot;New-Swede&quot;","publisher":{"@id":"https:\/\/matthiaskamann.com\/de\/#\/schema\/person\/e8b29813fd9acaa289169dbfe2cdbc51"},"potentialAction":[{"@type":"SearchAction","target":{"@type":"EntryPoint","urlTemplate":"https:\/\/matthiaskamann.com\/de\/?s={search_term_string}"},"query-input":{"@type":"PropertyValueSpecification","valueRequired":true,"valueName":"search_term_string"}}],"inLanguage":"de-DE"},{"@type":["Person","Organization"],"@id":"https:\/\/matthiaskamann.com\/de\/#\/schema\/person\/e8b29813fd9acaa289169dbfe2cdbc51","name":"Matthias Kamann","image":{"@type":"ImageObject","inLanguage":"de-DE","@id":"https:\/\/matthiaskamann.com\/wp-content\/uploads\/2023\/03\/cropped-Matthias-Kamann-Logo-2023-230308-1-sq.png","url":"https:\/\/matthiaskamann.com\/wp-content\/uploads\/2023\/03\/cropped-Matthias-Kamann-Logo-2023-230308-1-sq.png","contentUrl":"https:\/\/matthiaskamann.com\/wp-content\/uploads\/2023\/03\/cropped-Matthias-Kamann-Logo-2023-230308-1-sq.png","width":512,"height":512,"caption":"Matthias Kamann"},"logo":{"@id":"https:\/\/matthiaskamann.com\/wp-content\/uploads\/2023\/03\/cropped-Matthias-Kamann-Logo-2023-230308-1-sq.png"},"description":"Matthias is an author, designer and professional new-Swede living in the South of Sweden. He explores the country, looking for the most beautiful locations and exciting experiences. In his books depicts and explains the quirks of Swedish culture. Matthias' design work is inspired by the simplicity of Scandinavian lifestyle and idyllic nature, influenced by his love for Sweden, spiced with a pinch of (sometimes silly) sense of humour.","sameAs":["https:\/\/matthiaskamann.com","https:\/\/www.instagram.com\/matthiaskamann\/","https:\/\/x.com\/matthiaskamann"]}]}},"_links":{"self":[{"href":"https:\/\/matthiaskamann.com\/de\/wp-json\/wp\/v2\/pages\/1103","targetHints":{"allow":["GET"]}}],"collection":[{"href":"https:\/\/matthiaskamann.com\/de\/wp-json\/wp\/v2\/pages"}],"about":[{"href":"https:\/\/matthiaskamann.com\/de\/wp-json\/wp\/v2\/types\/page"}],"author":[{"embeddable":true,"href":"https:\/\/matthiaskamann.com\/de\/wp-json\/wp\/v2\/users\/2"}],"replies":[{"embeddable":true,"href":"https:\/\/matthiaskamann.com\/de\/wp-json\/wp\/v2\/comments?post=1103"}],"version-history":[{"count":0,"href":"https:\/\/matthiaskamann.com\/de\/wp-json\/wp\/v2\/pages\/1103\/revisions"}],"wp:featuredmedia":[{"embeddable":true,"href":"https:\/\/matthiaskamann.com\/de\/wp-json\/wp\/v2\/media\/1104"}],"wp:attachment":[{"href":"https:\/\/matthiaskamann.com\/de\/wp-json\/wp\/v2\/media?parent=1103"}],"curies":[{"name":"wp","href":"https:\/\/api.w.org\/{rel}","templated":true}]}}