{"id":1149,"date":"2022-09-20T10:14:54","date_gmt":"2022-09-20T09:14:54","guid":{"rendered":"https:\/\/matthiaskamann.com\/?page_id=1149"},"modified":"2024-08-01T13:54:35","modified_gmt":"2024-08-01T12:54:35","slug":"about","status":"publish","type":"page","link":"https:\/\/matthiaskamann.com\/de\/about\/","title":{"rendered":"\u00dcber mich"},"content":{"rendered":"<div class=\"wp-block-image\">\n<figure class=\"aligncenter size-large is-resized\"><img loading=\"lazy\" decoding=\"async\" width=\"1024\" height=\"740\" src=\"https:\/\/matthiaskamann.com\/wp-content\/uploads\/2023\/10\/Matthias-Kamann-Hej-Sweden-230217-1024x740.jpeg\" alt=\"\" class=\"wp-image-1291\" style=\"aspect-ratio:1.3837837837837839;width:600px;height:auto\" srcset=\"https:\/\/matthiaskamann.com\/wp-content\/uploads\/2023\/10\/Matthias-Kamann-Hej-Sweden-230217-1024x740.jpeg 1024w, https:\/\/matthiaskamann.com\/wp-content\/uploads\/2023\/10\/Matthias-Kamann-Hej-Sweden-230217-600x434.jpeg 600w, https:\/\/matthiaskamann.com\/wp-content\/uploads\/2023\/10\/Matthias-Kamann-Hej-Sweden-230217-300x217.jpeg 300w, https:\/\/matthiaskamann.com\/wp-content\/uploads\/2023\/10\/Matthias-Kamann-Hej-Sweden-230217-150x108.jpeg 150w, https:\/\/matthiaskamann.com\/wp-content\/uploads\/2023\/10\/Matthias-Kamann-Hej-Sweden-230217-768x555.jpeg 768w, https:\/\/matthiaskamann.com\/wp-content\/uploads\/2023\/10\/Matthias-Kamann-Hej-Sweden-230217-1536x1110.jpeg 1536w, https:\/\/matthiaskamann.com\/wp-content\/uploads\/2023\/10\/Matthias-Kamann-Hej-Sweden-230217.jpeg 1883w\" sizes=\"auto, (max-width: 1024px) 100vw, 1024px\" \/><\/figure>\n<\/div>\n\n\n<p><strong>\u201cRiesige W\u00e4lder, ein Haufen Volvos und \u00fcberall blonde Menschen.\u201d<\/strong>&nbsp;Genau das waren meine ersten Eindr\u00fccke von einem Land, in dem ich eigentlich nur ein Auslandssemester verbringen wollte. Aus einem Semester sind inzwischen jedoch mehr als 10 Jahre geworden \u2013 und heute bin ich an einem Punkt, dass ich Schweden mein neues Heimatland nenne.<\/p>\n\n\n\n<p>In dem Buch\u00a0<em><a href=\"https:\/\/matthiaskamann.com\/de\/schweden-fuer-anfaenger\/\">Schweden f\u00fcr Anf\u00e4nger<\/a><\/em>\u00a0m\u00f6chte ich dir die Eigenheiten der schwedischen Kultur vorstellen, damit du deren Fallstricke vermeiden und dich in die schwedische Kultur integrieren kannst, ohne so oft ins Fettn\u00e4pfchen zu treten wie ich.<\/p>\n\n\n\n<p>Das ist das Buch, von dem ich w\u00fcnschte, ich h\u00e4tte es vor meiner Zeit in Schweden gelesen. Es stellt eine Zusammenfassung dar, was man so lernt, wenn man mehr als ein Jahrzehnt in diesem wundersch\u00f6nen Land verbracht hat.<\/p>\n\n\n\n<p>Du wirst hier gleicherma\u00dfen n\u00fctzliche Infos f\u00fcrs Reisen sowie f\u00fcr private und gesch\u00e4ftliche Unterhaltungen finden.<br>Ich hoffe, du wirst Spa\u00df daran haben herauszufinden,&nbsp;<em>wie man schwedisch wird<\/em>!<\/p>\n\n\n\n<p><a href=\"https:\/\/matthiaskamann.com\/de\/schweden-fuer-anfaenger\/\">Mehr zu dem Buch, hier<\/a><\/p>\n","protected":false},"excerpt":{"rendered":"<p>\u201cRiesige W\u00e4lder, ein Haufen Volvos und \u00fcberall blonde Menschen.\u201d&nbsp;Genau das waren meine ersten Eindr\u00fccke von einem Land, in dem ich eigentlich nur ein Auslandssemester verbringen wollte. Aus einem Semester sind inzwischen jedoch mehr als 10 Jahre geworden \u2013 und heute bin ich an einem Punkt, dass ich Schweden mein neues Heimatland nenne. In dem Buch\u00a0Schweden &#8230; <\/p>\n<p class=\"read-more-container\"><a title=\"\u00dcber mich\" class=\"read-more button\" href=\"https:\/\/matthiaskamann.com\/de\/about\/#more-1149\" aria-label=\"Read more about \u00dcber mich\">Read more<\/a><\/p>\n","protected":false},"author":2,"featured_media":0,"parent":0,"menu_order":2,"comment_status":"closed","ping_status":"closed","template":"","meta":{"generate_page_header":"","footnotes":""},"class_list":["post-1149","page","type-page","status-publish"],"yoast_head":"<!-- This site is optimized with the Yoast SEO plugin v27.5 - https:\/\/yoast.com\/product\/yoast-seo-wordpress\/ -->\n<title>\u00dcber mich - Matthias Kamann<\/title>\n<meta name=\"robots\" content=\"index, follow, max-snippet:-1, max-image-preview:large, max-video-preview:-1\" \/>\n<link rel=\"canonical\" href=\"https:\/\/matthiaskamann.com\/de\/about\/\" \/>\n<meta property=\"og:locale\" content=\"de_DE\" \/>\n<meta property=\"og:type\" content=\"article\" \/>\n<meta property=\"og:title\" content=\"\u00dcber mich - Matthias Kamann\" \/>\n<meta property=\"og:description\" content=\"\u201cRiesige W\u00e4lder, ein Haufen Volvos und \u00fcberall blonde Menschen.\u201d&nbsp;Genau das waren meine ersten Eindr\u00fccke von einem Land, in dem ich eigentlich nur ein Auslandssemester verbringen wollte. Aus einem Semester sind inzwischen jedoch mehr als 10 Jahre geworden \u2013 und heute bin ich an einem Punkt, dass ich Schweden mein neues Heimatland nenne. In dem Buch\u00a0Schweden ... Read more\" \/>\n<meta property=\"og:url\" content=\"https:\/\/matthiaskamann.com\/de\/about\/\" \/>\n<meta property=\"og:site_name\" content=\"Matthias Kamann\" \/>\n<meta property=\"article:modified_time\" content=\"2024-08-01T12:54:35+00:00\" \/>\n<meta property=\"og:image\" content=\"https:\/\/matthiaskamann.com\/wp-content\/uploads\/2023\/10\/Matthias-Kamann-Hej-Sweden-230217-1024x740.jpeg\" \/>\n<meta name=\"twitter:card\" content=\"summary_large_image\" \/>\n<meta name=\"twitter:site\" content=\"@matthiaskamann\" \/>\n<meta name=\"twitter:label1\" content=\"Gesch\u00e4tzte Lesezeit\" \/>\n\t<meta name=\"twitter:data1\" content=\"1 minute\" \/>\n<script type=\"application\/ld+json\" class=\"yoast-schema-graph\">{\"@context\":\"https:\\\/\\\/schema.org\",\"@graph\":[{\"@type\":\"WebPage\",\"@id\":\"https:\\\/\\\/matthiaskamann.com\\\/de\\\/about\\\/\",\"url\":\"https:\\\/\\\/matthiaskamann.com\\\/de\\\/about\\\/\",\"name\":\"\u00dcber mich - Matthias Kamann\",\"isPartOf\":{\"@id\":\"https:\\\/\\\/matthiaskamann.com\\\/de\\\/#website\"},\"primaryImageOfPage\":{\"@id\":\"https:\\\/\\\/matthiaskamann.com\\\/de\\\/about\\\/#primaryimage\"},\"image\":{\"@id\":\"https:\\\/\\\/matthiaskamann.com\\\/de\\\/about\\\/#primaryimage\"},\"thumbnailUrl\":\"https:\\\/\\\/matthiaskamann.com\\\/wp-content\\\/uploads\\\/2023\\\/10\\\/Matthias-Kamann-Hej-Sweden-230217-1024x740.jpeg\",\"datePublished\":\"2022-09-20T09:14:54+00:00\",\"dateModified\":\"2024-08-01T12:54:35+00:00\",\"breadcrumb\":{\"@id\":\"https:\\\/\\\/matthiaskamann.com\\\/de\\\/about\\\/#breadcrumb\"},\"inLanguage\":\"de-DE\",\"potentialAction\":[{\"@type\":\"ReadAction\",\"target\":[\"https:\\\/\\\/matthiaskamann.com\\\/de\\\/about\\\/\"]}]},{\"@type\":\"ImageObject\",\"inLanguage\":\"de-DE\",\"@id\":\"https:\\\/\\\/matthiaskamann.com\\\/de\\\/about\\\/#primaryimage\",\"url\":\"https:\\\/\\\/matthiaskamann.com\\\/wp-content\\\/uploads\\\/2023\\\/10\\\/Matthias-Kamann-Hej-Sweden-230217-1024x740.jpeg\",\"contentUrl\":\"https:\\\/\\\/matthiaskamann.com\\\/wp-content\\\/uploads\\\/2023\\\/10\\\/Matthias-Kamann-Hej-Sweden-230217-1024x740.jpeg\"},{\"@type\":\"BreadcrumbList\",\"@id\":\"https:\\\/\\\/matthiaskamann.com\\\/de\\\/about\\\/#breadcrumb\",\"itemListElement\":[{\"@type\":\"ListItem\",\"position\":1,\"name\":\"Home\",\"item\":\"https:\\\/\\\/matthiaskamann.com\\\/de\\\/\"},{\"@type\":\"ListItem\",\"position\":2,\"name\":\"\u00dcber mich\"}]},{\"@type\":\"WebSite\",\"@id\":\"https:\\\/\\\/matthiaskamann.com\\\/de\\\/#website\",\"url\":\"https:\\\/\\\/matthiaskamann.com\\\/de\\\/\",\"name\":\"Matthias Kamann\",\"description\":\"Author, Blogger &amp; Professional &quot;New-Swede&quot;\",\"publisher\":{\"@id\":\"https:\\\/\\\/matthiaskamann.com\\\/de\\\/#\\\/schema\\\/person\\\/e8b29813fd9acaa289169dbfe2cdbc51\"},\"potentialAction\":[{\"@type\":\"SearchAction\",\"target\":{\"@type\":\"EntryPoint\",\"urlTemplate\":\"https:\\\/\\\/matthiaskamann.com\\\/de\\\/?s={search_term_string}\"},\"query-input\":{\"@type\":\"PropertyValueSpecification\",\"valueRequired\":true,\"valueName\":\"search_term_string\"}}],\"inLanguage\":\"de-DE\"},{\"@type\":[\"Person\",\"Organization\"],\"@id\":\"https:\\\/\\\/matthiaskamann.com\\\/de\\\/#\\\/schema\\\/person\\\/e8b29813fd9acaa289169dbfe2cdbc51\",\"name\":\"Matthias Kamann\",\"image\":{\"@type\":\"ImageObject\",\"inLanguage\":\"de-DE\",\"@id\":\"https:\\\/\\\/matthiaskamann.com\\\/wp-content\\\/uploads\\\/2023\\\/03\\\/cropped-Matthias-Kamann-Logo-2023-230308-1-sq.png\",\"url\":\"https:\\\/\\\/matthiaskamann.com\\\/wp-content\\\/uploads\\\/2023\\\/03\\\/cropped-Matthias-Kamann-Logo-2023-230308-1-sq.png\",\"contentUrl\":\"https:\\\/\\\/matthiaskamann.com\\\/wp-content\\\/uploads\\\/2023\\\/03\\\/cropped-Matthias-Kamann-Logo-2023-230308-1-sq.png\",\"width\":512,\"height\":512,\"caption\":\"Matthias Kamann\"},\"logo\":{\"@id\":\"https:\\\/\\\/matthiaskamann.com\\\/wp-content\\\/uploads\\\/2023\\\/03\\\/cropped-Matthias-Kamann-Logo-2023-230308-1-sq.png\"},\"description\":\"Matthias is an author, designer and professional new-Swede living in the South of Sweden. He explores the country, looking for the most beautiful locations and exciting experiences. In his books depicts and explains the quirks of Swedish culture. Matthias' design work is inspired by the simplicity of Scandinavian lifestyle and idyllic nature, influenced by his love for Sweden, spiced with a pinch of (sometimes silly) sense of humour.\",\"sameAs\":[\"https:\\\/\\\/matthiaskamann.com\",\"https:\\\/\\\/www.instagram.com\\\/matthiaskamann\\\/\",\"https:\\\/\\\/x.com\\\/matthiaskamann\"]}]}<\/script>\n<!-- \/ Yoast SEO plugin. -->","yoast_head_json":{"title":"\u00dcber mich - Matthias Kamann","robots":{"index":"index","follow":"follow","max-snippet":"max-snippet:-1","max-image-preview":"max-image-preview:large","max-video-preview":"max-video-preview:-1"},"canonical":"https:\/\/matthiaskamann.com\/de\/about\/","og_locale":"de_DE","og_type":"article","og_title":"\u00dcber mich - Matthias Kamann","og_description":"\u201cRiesige W\u00e4lder, ein Haufen Volvos und \u00fcberall blonde Menschen.\u201d&nbsp;Genau das waren meine ersten Eindr\u00fccke von einem Land, in dem ich eigentlich nur ein Auslandssemester verbringen wollte. Aus einem Semester sind inzwischen jedoch mehr als 10 Jahre geworden \u2013 und heute bin ich an einem Punkt, dass ich Schweden mein neues Heimatland nenne. In dem Buch\u00a0Schweden ... Read more","og_url":"https:\/\/matthiaskamann.com\/de\/about\/","og_site_name":"Matthias Kamann","article_modified_time":"2024-08-01T12:54:35+00:00","og_image":[{"url":"https:\/\/matthiaskamann.com\/wp-content\/uploads\/2023\/10\/Matthias-Kamann-Hej-Sweden-230217-1024x740.jpeg","type":"","width":"","height":""}],"twitter_card":"summary_large_image","twitter_site":"@matthiaskamann","twitter_misc":{"Gesch\u00e4tzte Lesezeit":"1 minute"},"schema":{"@context":"https:\/\/schema.org","@graph":[{"@type":"WebPage","@id":"https:\/\/matthiaskamann.com\/de\/about\/","url":"https:\/\/matthiaskamann.com\/de\/about\/","name":"\u00dcber mich - Matthias Kamann","isPartOf":{"@id":"https:\/\/matthiaskamann.com\/de\/#website"},"primaryImageOfPage":{"@id":"https:\/\/matthiaskamann.com\/de\/about\/#primaryimage"},"image":{"@id":"https:\/\/matthiaskamann.com\/de\/about\/#primaryimage"},"thumbnailUrl":"https:\/\/matthiaskamann.com\/wp-content\/uploads\/2023\/10\/Matthias-Kamann-Hej-Sweden-230217-1024x740.jpeg","datePublished":"2022-09-20T09:14:54+00:00","dateModified":"2024-08-01T12:54:35+00:00","breadcrumb":{"@id":"https:\/\/matthiaskamann.com\/de\/about\/#breadcrumb"},"inLanguage":"de-DE","potentialAction":[{"@type":"ReadAction","target":["https:\/\/matthiaskamann.com\/de\/about\/"]}]},{"@type":"ImageObject","inLanguage":"de-DE","@id":"https:\/\/matthiaskamann.com\/de\/about\/#primaryimage","url":"https:\/\/matthiaskamann.com\/wp-content\/uploads\/2023\/10\/Matthias-Kamann-Hej-Sweden-230217-1024x740.jpeg","contentUrl":"https:\/\/matthiaskamann.com\/wp-content\/uploads\/2023\/10\/Matthias-Kamann-Hej-Sweden-230217-1024x740.jpeg"},{"@type":"BreadcrumbList","@id":"https:\/\/matthiaskamann.com\/de\/about\/#breadcrumb","itemListElement":[{"@type":"ListItem","position":1,"name":"Home","item":"https:\/\/matthiaskamann.com\/de\/"},{"@type":"ListItem","position":2,"name":"\u00dcber mich"}]},{"@type":"WebSite","@id":"https:\/\/matthiaskamann.com\/de\/#website","url":"https:\/\/matthiaskamann.com\/de\/","name":"Matthias Kamann","description":"Author, Blogger &amp; Professional &quot;New-Swede&quot;","publisher":{"@id":"https:\/\/matthiaskamann.com\/de\/#\/schema\/person\/e8b29813fd9acaa289169dbfe2cdbc51"},"potentialAction":[{"@type":"SearchAction","target":{"@type":"EntryPoint","urlTemplate":"https:\/\/matthiaskamann.com\/de\/?s={search_term_string}"},"query-input":{"@type":"PropertyValueSpecification","valueRequired":true,"valueName":"search_term_string"}}],"inLanguage":"de-DE"},{"@type":["Person","Organization"],"@id":"https:\/\/matthiaskamann.com\/de\/#\/schema\/person\/e8b29813fd9acaa289169dbfe2cdbc51","name":"Matthias Kamann","image":{"@type":"ImageObject","inLanguage":"de-DE","@id":"https:\/\/matthiaskamann.com\/wp-content\/uploads\/2023\/03\/cropped-Matthias-Kamann-Logo-2023-230308-1-sq.png","url":"https:\/\/matthiaskamann.com\/wp-content\/uploads\/2023\/03\/cropped-Matthias-Kamann-Logo-2023-230308-1-sq.png","contentUrl":"https:\/\/matthiaskamann.com\/wp-content\/uploads\/2023\/03\/cropped-Matthias-Kamann-Logo-2023-230308-1-sq.png","width":512,"height":512,"caption":"Matthias Kamann"},"logo":{"@id":"https:\/\/matthiaskamann.com\/wp-content\/uploads\/2023\/03\/cropped-Matthias-Kamann-Logo-2023-230308-1-sq.png"},"description":"Matthias is an author, designer and professional new-Swede living in the South of Sweden. He explores the country, looking for the most beautiful locations and exciting experiences. In his books depicts and explains the quirks of Swedish culture. Matthias' design work is inspired by the simplicity of Scandinavian lifestyle and idyllic nature, influenced by his love for Sweden, spiced with a pinch of (sometimes silly) sense of humour.","sameAs":["https:\/\/matthiaskamann.com","https:\/\/www.instagram.com\/matthiaskamann\/","https:\/\/x.com\/matthiaskamann"]}]}},"_links":{"self":[{"href":"https:\/\/matthiaskamann.com\/de\/wp-json\/wp\/v2\/pages\/1149","targetHints":{"allow":["GET"]}}],"collection":[{"href":"https:\/\/matthiaskamann.com\/de\/wp-json\/wp\/v2\/pages"}],"about":[{"href":"https:\/\/matthiaskamann.com\/de\/wp-json\/wp\/v2\/types\/page"}],"author":[{"embeddable":true,"href":"https:\/\/matthiaskamann.com\/de\/wp-json\/wp\/v2\/users\/2"}],"replies":[{"embeddable":true,"href":"https:\/\/matthiaskamann.com\/de\/wp-json\/wp\/v2\/comments?post=1149"}],"version-history":[{"count":0,"href":"https:\/\/matthiaskamann.com\/de\/wp-json\/wp\/v2\/pages\/1149\/revisions"}],"wp:attachment":[{"href":"https:\/\/matthiaskamann.com\/de\/wp-json\/wp\/v2\/media?parent=1149"}],"curies":[{"name":"wp","href":"https:\/\/api.w.org\/{rel}","templated":true}]}}