{"id":1191,"date":"2022-02-07T16:03:56","date_gmt":"2022-02-07T15:03:56","guid":{"rendered":"https:\/\/matthiaskamann.com\/?page_id=1191"},"modified":"2026-04-24T10:43:11","modified_gmt":"2026-04-24T09:43:11","slug":"buecher","status":"publish","type":"page","link":"https:\/\/matthiaskamann.com\/de\/buecher\/","title":{"rendered":"B\u00fccher"},"content":{"rendered":"\n<div class=\"wp-block-group\"><div class=\"wp-block-group__inner-container is-layout-constrained wp-block-group-is-layout-constrained\">\n<h2 class=\"wp-block-heading\" id=\"schweden-fur-anfanger\">Schweden f\u00fcr Anf\u00e4nger<\/h2>\n\n\n\n<p>Buch \u00fcber schwedische Kultur und Eigenarten, <a href=\"https:\/\/matthiaskamann.com\/de\/schweden-fuer-anfaenger\/\">hier mehr erfahren<\/a>.<\/p>\n\n\n\n<figure class=\"wp-block-image size-full is-resized\"><img loading=\"lazy\" decoding=\"async\" width=\"1050\" height=\"1438\" src=\"https:\/\/matthiaskamann.com\/wp-content\/uploads\/2022\/09\/180801-Schweden-fu\u0308r-Anfa\u0308nger-book-cover-3d-Buch-Umschlag.png\" alt=\"Buch \u00fcber Schweden: Schweden f\u00fcr Anf\u00e4nger\" class=\"wp-image-1105\" style=\"width:300px\" srcset=\"https:\/\/matthiaskamann.com\/wp-content\/uploads\/2022\/09\/180801-Schweden-fu\u0308r-Anfa\u0308nger-book-cover-3d-Buch-Umschlag.png 1050w, https:\/\/matthiaskamann.com\/wp-content\/uploads\/2022\/09\/180801-Schweden-fu\u0308r-Anfa\u0308nger-book-cover-3d-Buch-Umschlag-600x822.png 600w, https:\/\/matthiaskamann.com\/wp-content\/uploads\/2022\/09\/180801-Schweden-fu\u0308r-Anfa\u0308nger-book-cover-3d-Buch-Umschlag-219x300.png 219w, https:\/\/matthiaskamann.com\/wp-content\/uploads\/2022\/09\/180801-Schweden-fu\u0308r-Anfa\u0308nger-book-cover-3d-Buch-Umschlag-748x1024.png 748w, https:\/\/matthiaskamann.com\/wp-content\/uploads\/2022\/09\/180801-Schweden-fu\u0308r-Anfa\u0308nger-book-cover-3d-Buch-Umschlag-768x1052.png 768w\" sizes=\"auto, (max-width: 1050px) 100vw, 1050px\" \/><\/figure>\n\n\n\n<p>Erh\u00e4ltlich auf <a href=\"https:\/\/amzn.to\/3slojeY\" target=\"_blank\" rel=\"noreferrer noopener\">Amazon<\/a>, <a href=\"https:\/\/www.adlibris.com\/se\/bok\/schweden-fur-anfanger-wie-du-schwedisch-wirst---in-55-schritten-9789198379921\" target=\"_blank\" rel=\"noreferrer noopener\">Adlibris<\/a>, <a href=\"https:\/\/www.akademibokhandeln.se\/bok\/schweden-fur-anfanger-wie-du-schwedisch-wirst-in-55-schritten\/9789198379921\/\" target=\"_blank\" rel=\"noreferrer noopener\">Akademibokhandeln<\/a>, <a href=\"https:\/\/www.bokus.com\/bok\/9789198379921\/schweden-fur-anfanger-wie-du-schwedisch-wirst-in-55-schritten\/\" target=\"_blank\" rel=\"noreferrer noopener\">Bokus<\/a><\/p>\n<\/div><\/div>\n\n\n\n<hr class=\"wp-block-separator has-alpha-channel-opacity\"\/>\n\n\n\n<div class=\"wp-block-group\"><div class=\"wp-block-group__inner-container is-layout-constrained wp-block-group-is-layout-constrained\">\n<h2 class=\"wp-block-heading\" id=\"how-to-be-swedish\">How to be Swedish<\/h2>\n\n\n\n<p>Die englische Ausgabe von <em>Schweden f\u00fcr Anf\u00e4nger<\/em>. <a href=\"https:\/\/matthiaskamann.com\/de\/schweden-fuer-anfaenger\/\">Hier mehr \u00fcber <em>How to be Swedish<\/em><\/a> erfahren.<\/p>\n\n\n\n<figure class=\"wp-block-image size-full is-resized\"><img loading=\"lazy\" decoding=\"async\" width=\"672\" height=\"920\" src=\"https:\/\/matthiaskamann.com\/wp-content\/uploads\/2022\/09\/HtbS-Book-image-3D.png\" alt=\"Book about Sweden - How to be Swedish\" class=\"wp-image-1086\" style=\"width:300px\" srcset=\"https:\/\/matthiaskamann.com\/wp-content\/uploads\/2022\/09\/HtbS-Book-image-3D.png 672w, https:\/\/matthiaskamann.com\/wp-content\/uploads\/2022\/09\/HtbS-Book-image-3D-600x821.png 600w, https:\/\/matthiaskamann.com\/wp-content\/uploads\/2022\/09\/HtbS-Book-image-3D-219x300.png 219w\" sizes=\"auto, (max-width: 672px) 100vw, 672px\" \/><\/figure>\n\n\n\n<p>Erh\u00e4ltlich auf <a href=\"https:\/\/amzn.to\/3GyIbjG\" target=\"_blank\" rel=\"noreferrer noopener\">Amazon<\/a>, <a href=\"https:\/\/www.adlibris.com\/se\/bok\/how-to-be-swedish-a-quick-guide-to-swedishness---in-55-steps-9789198379907\" target=\"_blank\" rel=\"noreferrer noopener\">Adlibris<\/a>, <a href=\"https:\/\/www.akademibokhandeln.se\/bok\/how-to-be-swedish-a-quick-guide-to-swedishness-in-55-steps\/9789198379907\/\" target=\"_blank\" rel=\"noreferrer noopener\">Akademibokhandeln<\/a>, <a href=\"https:\/\/www.bokus.com\/bok\/9789198379907\/how-to-be-swedish-a-quick-guide-to-swedishness-in-55-steps\/\" target=\"_blank\" rel=\"noreferrer noopener\">Bokus<\/a>, <a href=\"https:\/\/matthiaskamann.com\/kobo-int-how-to-be-swedish\" target=\"_blank\" rel=\"noreferrer noopener\">Kobo<\/a><\/p>\n<\/div><\/div>\n\n\n\n<div class=\"wp-block-group is-nowrap is-layout-flex wp-container-core-group-is-layout-ad2f72ca wp-block-group-is-layout-flex\"><\/div>\n","protected":false},"excerpt":{"rendered":"<p>Schweden f\u00fcr Anf\u00e4nger Buch \u00fcber schwedische Kultur und Eigenarten, hier mehr erfahren. Erh\u00e4ltlich auf Amazon, Adlibris, Akademibokhandeln, Bokus How to be Swedish Die englische Ausgabe von Schweden f\u00fcr Anf\u00e4nger. Hier mehr \u00fcber How to be Swedish erfahren. Erh\u00e4ltlich auf Amazon, Adlibris, Akademibokhandeln, Bokus, Kobo<\/p>\n","protected":false},"author":2,"featured_media":0,"parent":0,"menu_order":0,"comment_status":"closed","ping_status":"closed","template":"","meta":{"generate_page_header":"","footnotes":""},"class_list":["post-1191","page","type-page","status-publish"],"yoast_head":"<!-- This site is optimized with the Yoast SEO plugin v27.5 - https:\/\/yoast.com\/product\/yoast-seo-wordpress\/ -->\n<title>B\u00fccher - Matthias Kamann<\/title>\n<meta name=\"robots\" content=\"index, follow, max-snippet:-1, max-image-preview:large, max-video-preview:-1\" \/>\n<link rel=\"canonical\" href=\"https:\/\/matthiaskamann.com\/de\/buecher\/\" \/>\n<meta property=\"og:locale\" content=\"de_DE\" \/>\n<meta property=\"og:type\" content=\"article\" \/>\n<meta property=\"og:title\" content=\"B\u00fccher - Matthias Kamann\" \/>\n<meta property=\"og:description\" content=\"Schweden f\u00fcr Anf\u00e4nger Buch \u00fcber schwedische Kultur und Eigenarten, hier mehr erfahren. Erh\u00e4ltlich auf Amazon, Adlibris, Akademibokhandeln, Bokus How to be Swedish Die englische Ausgabe von Schweden f\u00fcr Anf\u00e4nger. Hier mehr \u00fcber How to be Swedish erfahren. Erh\u00e4ltlich auf Amazon, Adlibris, Akademibokhandeln, Bokus, Kobo\" \/>\n<meta property=\"og:url\" content=\"https:\/\/matthiaskamann.com\/de\/buecher\/\" \/>\n<meta property=\"og:site_name\" content=\"Matthias Kamann\" \/>\n<meta property=\"article:modified_time\" content=\"2026-04-24T09:43:11+00:00\" \/>\n<meta property=\"og:image\" content=\"https:\/\/matthiaskamann.com\/wp-content\/uploads\/2022\/09\/HtbS-Book-image-3D.png\" \/>\n<meta name=\"twitter:card\" content=\"summary_large_image\" \/>\n<meta name=\"twitter:site\" content=\"@matthiaskamann\" \/>\n<meta name=\"twitter:label1\" content=\"Gesch\u00e4tzte Lesezeit\" \/>\n\t<meta name=\"twitter:data1\" content=\"1 minute\" \/>\n<script type=\"application\/ld+json\" class=\"yoast-schema-graph\">{\"@context\":\"https:\\\/\\\/schema.org\",\"@graph\":[{\"@type\":\"WebPage\",\"@id\":\"https:\\\/\\\/matthiaskamann.com\\\/de\\\/buecher\\\/\",\"url\":\"https:\\\/\\\/matthiaskamann.com\\\/de\\\/buecher\\\/\",\"name\":\"B\u00fccher - Matthias Kamann\",\"isPartOf\":{\"@id\":\"https:\\\/\\\/matthiaskamann.com\\\/de\\\/#website\"},\"primaryImageOfPage\":{\"@id\":\"https:\\\/\\\/matthiaskamann.com\\\/de\\\/buecher\\\/#primaryimage\"},\"image\":{\"@id\":\"https:\\\/\\\/matthiaskamann.com\\\/de\\\/buecher\\\/#primaryimage\"},\"thumbnailUrl\":\"https:\\\/\\\/matthiaskamann.com\\\/wp-content\\\/uploads\\\/2022\\\/09\\\/HtbS-Book-image-3D.png\",\"datePublished\":\"2022-02-07T15:03:56+00:00\",\"dateModified\":\"2026-04-24T09:43:11+00:00\",\"breadcrumb\":{\"@id\":\"https:\\\/\\\/matthiaskamann.com\\\/de\\\/buecher\\\/#breadcrumb\"},\"inLanguage\":\"de-DE\",\"potentialAction\":[{\"@type\":\"ReadAction\",\"target\":[\"https:\\\/\\\/matthiaskamann.com\\\/de\\\/buecher\\\/\"]}]},{\"@type\":\"ImageObject\",\"inLanguage\":\"de-DE\",\"@id\":\"https:\\\/\\\/matthiaskamann.com\\\/de\\\/buecher\\\/#primaryimage\",\"url\":\"https:\\\/\\\/matthiaskamann.com\\\/wp-content\\\/uploads\\\/2022\\\/09\\\/HtbS-Book-image-3D.png\",\"contentUrl\":\"https:\\\/\\\/matthiaskamann.com\\\/wp-content\\\/uploads\\\/2022\\\/09\\\/HtbS-Book-image-3D.png\"},{\"@type\":\"BreadcrumbList\",\"@id\":\"https:\\\/\\\/matthiaskamann.com\\\/de\\\/buecher\\\/#breadcrumb\",\"itemListElement\":[{\"@type\":\"ListItem\",\"position\":1,\"name\":\"Home\",\"item\":\"https:\\\/\\\/matthiaskamann.com\\\/de\\\/\"},{\"@type\":\"ListItem\",\"position\":2,\"name\":\"B\u00fccher\"}]},{\"@type\":\"WebSite\",\"@id\":\"https:\\\/\\\/matthiaskamann.com\\\/de\\\/#website\",\"url\":\"https:\\\/\\\/matthiaskamann.com\\\/de\\\/\",\"name\":\"Matthias Kamann\",\"description\":\"Author, Blogger &amp; Professional &quot;New-Swede&quot;\",\"publisher\":{\"@id\":\"https:\\\/\\\/matthiaskamann.com\\\/de\\\/#\\\/schema\\\/person\\\/e8b29813fd9acaa289169dbfe2cdbc51\"},\"potentialAction\":[{\"@type\":\"SearchAction\",\"target\":{\"@type\":\"EntryPoint\",\"urlTemplate\":\"https:\\\/\\\/matthiaskamann.com\\\/de\\\/?s={search_term_string}\"},\"query-input\":{\"@type\":\"PropertyValueSpecification\",\"valueRequired\":true,\"valueName\":\"search_term_string\"}}],\"inLanguage\":\"de-DE\"},{\"@type\":[\"Person\",\"Organization\"],\"@id\":\"https:\\\/\\\/matthiaskamann.com\\\/de\\\/#\\\/schema\\\/person\\\/e8b29813fd9acaa289169dbfe2cdbc51\",\"name\":\"Matthias Kamann\",\"image\":{\"@type\":\"ImageObject\",\"inLanguage\":\"de-DE\",\"@id\":\"https:\\\/\\\/matthiaskamann.com\\\/wp-content\\\/uploads\\\/2023\\\/03\\\/cropped-Matthias-Kamann-Logo-2023-230308-1-sq.png\",\"url\":\"https:\\\/\\\/matthiaskamann.com\\\/wp-content\\\/uploads\\\/2023\\\/03\\\/cropped-Matthias-Kamann-Logo-2023-230308-1-sq.png\",\"contentUrl\":\"https:\\\/\\\/matthiaskamann.com\\\/wp-content\\\/uploads\\\/2023\\\/03\\\/cropped-Matthias-Kamann-Logo-2023-230308-1-sq.png\",\"width\":512,\"height\":512,\"caption\":\"Matthias Kamann\"},\"logo\":{\"@id\":\"https:\\\/\\\/matthiaskamann.com\\\/wp-content\\\/uploads\\\/2023\\\/03\\\/cropped-Matthias-Kamann-Logo-2023-230308-1-sq.png\"},\"description\":\"Matthias is an author, designer and professional new-Swede living in the South of Sweden. He explores the country, looking for the most beautiful locations and exciting experiences. In his books depicts and explains the quirks of Swedish culture. Matthias' design work is inspired by the simplicity of Scandinavian lifestyle and idyllic nature, influenced by his love for Sweden, spiced with a pinch of (sometimes silly) sense of humour.\",\"sameAs\":[\"https:\\\/\\\/matthiaskamann.com\",\"https:\\\/\\\/www.instagram.com\\\/matthiaskamann\\\/\",\"https:\\\/\\\/x.com\\\/matthiaskamann\"]}]}<\/script>\n<!-- \/ Yoast SEO plugin. -->","yoast_head_json":{"title":"B\u00fccher - Matthias Kamann","robots":{"index":"index","follow":"follow","max-snippet":"max-snippet:-1","max-image-preview":"max-image-preview:large","max-video-preview":"max-video-preview:-1"},"canonical":"https:\/\/matthiaskamann.com\/de\/buecher\/","og_locale":"de_DE","og_type":"article","og_title":"B\u00fccher - Matthias Kamann","og_description":"Schweden f\u00fcr Anf\u00e4nger Buch \u00fcber schwedische Kultur und Eigenarten, hier mehr erfahren. Erh\u00e4ltlich auf Amazon, Adlibris, Akademibokhandeln, Bokus How to be Swedish Die englische Ausgabe von Schweden f\u00fcr Anf\u00e4nger. Hier mehr \u00fcber How to be Swedish erfahren. Erh\u00e4ltlich auf Amazon, Adlibris, Akademibokhandeln, Bokus, Kobo","og_url":"https:\/\/matthiaskamann.com\/de\/buecher\/","og_site_name":"Matthias Kamann","article_modified_time":"2026-04-24T09:43:11+00:00","og_image":[{"url":"https:\/\/matthiaskamann.com\/wp-content\/uploads\/2022\/09\/HtbS-Book-image-3D.png","type":"","width":"","height":""}],"twitter_card":"summary_large_image","twitter_site":"@matthiaskamann","twitter_misc":{"Gesch\u00e4tzte Lesezeit":"1 minute"},"schema":{"@context":"https:\/\/schema.org","@graph":[{"@type":"WebPage","@id":"https:\/\/matthiaskamann.com\/de\/buecher\/","url":"https:\/\/matthiaskamann.com\/de\/buecher\/","name":"B\u00fccher - Matthias Kamann","isPartOf":{"@id":"https:\/\/matthiaskamann.com\/de\/#website"},"primaryImageOfPage":{"@id":"https:\/\/matthiaskamann.com\/de\/buecher\/#primaryimage"},"image":{"@id":"https:\/\/matthiaskamann.com\/de\/buecher\/#primaryimage"},"thumbnailUrl":"https:\/\/matthiaskamann.com\/wp-content\/uploads\/2022\/09\/HtbS-Book-image-3D.png","datePublished":"2022-02-07T15:03:56+00:00","dateModified":"2026-04-24T09:43:11+00:00","breadcrumb":{"@id":"https:\/\/matthiaskamann.com\/de\/buecher\/#breadcrumb"},"inLanguage":"de-DE","potentialAction":[{"@type":"ReadAction","target":["https:\/\/matthiaskamann.com\/de\/buecher\/"]}]},{"@type":"ImageObject","inLanguage":"de-DE","@id":"https:\/\/matthiaskamann.com\/de\/buecher\/#primaryimage","url":"https:\/\/matthiaskamann.com\/wp-content\/uploads\/2022\/09\/HtbS-Book-image-3D.png","contentUrl":"https:\/\/matthiaskamann.com\/wp-content\/uploads\/2022\/09\/HtbS-Book-image-3D.png"},{"@type":"BreadcrumbList","@id":"https:\/\/matthiaskamann.com\/de\/buecher\/#breadcrumb","itemListElement":[{"@type":"ListItem","position":1,"name":"Home","item":"https:\/\/matthiaskamann.com\/de\/"},{"@type":"ListItem","position":2,"name":"B\u00fccher"}]},{"@type":"WebSite","@id":"https:\/\/matthiaskamann.com\/de\/#website","url":"https:\/\/matthiaskamann.com\/de\/","name":"Matthias Kamann","description":"Author, Blogger &amp; Professional &quot;New-Swede&quot;","publisher":{"@id":"https:\/\/matthiaskamann.com\/de\/#\/schema\/person\/e8b29813fd9acaa289169dbfe2cdbc51"},"potentialAction":[{"@type":"SearchAction","target":{"@type":"EntryPoint","urlTemplate":"https:\/\/matthiaskamann.com\/de\/?s={search_term_string}"},"query-input":{"@type":"PropertyValueSpecification","valueRequired":true,"valueName":"search_term_string"}}],"inLanguage":"de-DE"},{"@type":["Person","Organization"],"@id":"https:\/\/matthiaskamann.com\/de\/#\/schema\/person\/e8b29813fd9acaa289169dbfe2cdbc51","name":"Matthias Kamann","image":{"@type":"ImageObject","inLanguage":"de-DE","@id":"https:\/\/matthiaskamann.com\/wp-content\/uploads\/2023\/03\/cropped-Matthias-Kamann-Logo-2023-230308-1-sq.png","url":"https:\/\/matthiaskamann.com\/wp-content\/uploads\/2023\/03\/cropped-Matthias-Kamann-Logo-2023-230308-1-sq.png","contentUrl":"https:\/\/matthiaskamann.com\/wp-content\/uploads\/2023\/03\/cropped-Matthias-Kamann-Logo-2023-230308-1-sq.png","width":512,"height":512,"caption":"Matthias Kamann"},"logo":{"@id":"https:\/\/matthiaskamann.com\/wp-content\/uploads\/2023\/03\/cropped-Matthias-Kamann-Logo-2023-230308-1-sq.png"},"description":"Matthias is an author, designer and professional new-Swede living in the South of Sweden. He explores the country, looking for the most beautiful locations and exciting experiences. In his books depicts and explains the quirks of Swedish culture. Matthias' design work is inspired by the simplicity of Scandinavian lifestyle and idyllic nature, influenced by his love for Sweden, spiced with a pinch of (sometimes silly) sense of humour.","sameAs":["https:\/\/matthiaskamann.com","https:\/\/www.instagram.com\/matthiaskamann\/","https:\/\/x.com\/matthiaskamann"]}]}},"_links":{"self":[{"href":"https:\/\/matthiaskamann.com\/de\/wp-json\/wp\/v2\/pages\/1191","targetHints":{"allow":["GET"]}}],"collection":[{"href":"https:\/\/matthiaskamann.com\/de\/wp-json\/wp\/v2\/pages"}],"about":[{"href":"https:\/\/matthiaskamann.com\/de\/wp-json\/wp\/v2\/types\/page"}],"author":[{"embeddable":true,"href":"https:\/\/matthiaskamann.com\/de\/wp-json\/wp\/v2\/users\/2"}],"replies":[{"embeddable":true,"href":"https:\/\/matthiaskamann.com\/de\/wp-json\/wp\/v2\/comments?post=1191"}],"version-history":[{"count":3,"href":"https:\/\/matthiaskamann.com\/de\/wp-json\/wp\/v2\/pages\/1191\/revisions"}],"predecessor-version":[{"id":1911,"href":"https:\/\/matthiaskamann.com\/de\/wp-json\/wp\/v2\/pages\/1191\/revisions\/1911"}],"wp:attachment":[{"href":"https:\/\/matthiaskamann.com\/de\/wp-json\/wp\/v2\/media?parent=1191"}],"curies":[{"name":"wp","href":"https:\/\/api.w.org\/{rel}","templated":true}]}}