{"id":1200,"date":"2022-02-07T15:27:00","date_gmt":"2022-02-07T14:27:00","guid":{"rendered":"https:\/\/matthiaskamann.com\/?page_id=1200"},"modified":"2024-11-11T15:32:11","modified_gmt":"2024-11-11T14:32:11","slug":"websites","status":"publish","type":"page","link":"https:\/\/matthiaskamann.com\/de\/websites\/","title":{"rendered":"Websites"},"content":{"rendered":"\n<div class=\"wp-block-group is-nowrap is-layout-flex wp-container-core-group-is-layout-9123dee2 wp-block-group-is-layout-flex\">\n<figure class=\"wp-block-image size-full is-resized\"><img loading=\"lazy\" decoding=\"async\" width=\"428\" height=\"428\" src=\"https:\/\/matthiaskamann.com\/wp-content\/uploads\/2024\/08\/Hej-Sweden-Logo-2020-03-3-sq1.jpg\" alt=\"Hej Sweden logo\" class=\"wp-image-1478\" style=\"width:150px\" srcset=\"https:\/\/matthiaskamann.com\/wp-content\/uploads\/2024\/08\/Hej-Sweden-Logo-2020-03-3-sq1.jpg 428w, https:\/\/matthiaskamann.com\/wp-content\/uploads\/2024\/08\/Hej-Sweden-Logo-2020-03-3-sq1-300x300.jpg 300w, https:\/\/matthiaskamann.com\/wp-content\/uploads\/2024\/08\/Hej-Sweden-Logo-2020-03-3-sq1-100x100.jpg 100w, https:\/\/matthiaskamann.com\/wp-content\/uploads\/2024\/08\/Hej-Sweden-Logo-2020-03-3-sq1-150x150.jpg 150w\" sizes=\"auto, (max-width: 428px) 100vw, 428px\" \/><\/figure>\n\n\n\n<div class=\"wp-block-group\"><div class=\"wp-block-group__inner-container is-layout-constrained wp-block-group-is-layout-constrained\">\n<h2 class=\"wp-block-heading\" id=\"hej-sweden\">Hej Sweden<\/h2>\n\n\n\n<p>Blog \u00fcber Schweden, schwedische Kultur und Tipps f\u00fcr Schweden-Reisende.<\/p>\n\n\n\n<p><a href=\"https:\/\/hejsweden.com\/\" target=\"_blank\" rel=\"noreferrer noopener\">hejsweden.com<\/a><\/p>\n<\/div><\/div>\n<\/div>\n\n\n\n<hr class=\"wp-block-separator has-alpha-channel-opacity\"\/>\n\n\n\n<div class=\"wp-block-group is-nowrap is-layout-flex wp-container-core-group-is-layout-9123dee2 wp-block-group-is-layout-flex\">\n<figure class=\"wp-block-image size-full is-resized\"><img loading=\"lazy\" decoding=\"async\" width=\"581\" height=\"581\" src=\"https:\/\/matthiaskamann.com\/wp-content\/uploads\/2024\/08\/hausschweden-logo-w-nonet-sq2.jpg\" alt=\"Haus Schweden logo\" class=\"wp-image-1481\" style=\"width:150px\" srcset=\"https:\/\/matthiaskamann.com\/wp-content\/uploads\/2024\/08\/hausschweden-logo-w-nonet-sq2.jpg 581w, https:\/\/matthiaskamann.com\/wp-content\/uploads\/2024\/08\/hausschweden-logo-w-nonet-sq2-300x300.jpg 300w, https:\/\/matthiaskamann.com\/wp-content\/uploads\/2024\/08\/hausschweden-logo-w-nonet-sq2-100x100.jpg 100w, https:\/\/matthiaskamann.com\/wp-content\/uploads\/2024\/08\/hausschweden-logo-w-nonet-sq2-150x150.jpg 150w\" sizes=\"auto, (max-width: 581px) 100vw, 581px\" \/><\/figure>\n\n\n\n<div class=\"wp-block-group\"><div class=\"wp-block-group__inner-container is-layout-constrained wp-block-group-is-layout-constrained\">\n<h2 class=\"wp-block-heading\">Haus Schweden<\/h2>\n\n\n\n<p>Website \u00fcber schwedische H\u00e4user und wie man ein Haus in Schweden kauft.<\/p>\n\n\n\n<p><a href=\"https:\/\/hausschweden.com\" target=\"_blank\" rel=\"noreferrer noopener\">hausschweden.com<\/a><\/p>\n<\/div><\/div>\n<\/div>\n","protected":false},"excerpt":{"rendered":"<p>Hej Sweden Blog \u00fcber Schweden, schwedische Kultur und Tipps f\u00fcr Schweden-Reisende. hejsweden.com Haus Schweden Website \u00fcber schwedische H\u00e4user und wie man ein Haus in Schweden kauft. hausschweden.com<\/p>\n","protected":false},"author":2,"featured_media":0,"parent":0,"menu_order":0,"comment_status":"closed","ping_status":"closed","template":"","meta":{"generate_page_header":"","footnotes":""},"class_list":["post-1200","page","type-page","status-publish"],"yoast_head":"<!-- This site is optimized with the Yoast SEO plugin v27.5 - https:\/\/yoast.com\/product\/yoast-seo-wordpress\/ -->\n<title>Websites - Matthias Kamann<\/title>\n<meta name=\"robots\" content=\"index, follow, max-snippet:-1, max-image-preview:large, max-video-preview:-1\" \/>\n<link rel=\"canonical\" href=\"https:\/\/matthiaskamann.com\/de\/websites\/\" \/>\n<meta property=\"og:locale\" content=\"de_DE\" \/>\n<meta property=\"og:type\" content=\"article\" \/>\n<meta property=\"og:title\" content=\"Websites - Matthias Kamann\" \/>\n<meta property=\"og:description\" content=\"Hej Sweden Blog \u00fcber Schweden, schwedische Kultur und Tipps f\u00fcr Schweden-Reisende. hejsweden.com Haus Schweden Website \u00fcber schwedische H\u00e4user und wie man ein Haus in Schweden kauft. hausschweden.com\" \/>\n<meta property=\"og:url\" content=\"https:\/\/matthiaskamann.com\/de\/websites\/\" \/>\n<meta property=\"og:site_name\" content=\"Matthias Kamann\" \/>\n<meta property=\"article:modified_time\" content=\"2024-11-11T14:32:11+00:00\" \/>\n<meta property=\"og:image\" content=\"https:\/\/matthiaskamann.com\/wp-content\/uploads\/2024\/08\/Hej-Sweden-Logo-2020-03-3-sq1.jpg\" \/>\n\t<meta property=\"og:image:width\" content=\"428\" \/>\n\t<meta property=\"og:image:height\" content=\"428\" \/>\n\t<meta property=\"og:image:type\" content=\"image\/jpeg\" \/>\n<meta name=\"twitter:card\" content=\"summary_large_image\" \/>\n<meta name=\"twitter:site\" content=\"@matthiaskamann\" \/>\n<meta name=\"twitter:label1\" content=\"Gesch\u00e4tzte Lesezeit\" \/>\n\t<meta name=\"twitter:data1\" content=\"1 minute\" \/>\n<script type=\"application\/ld+json\" class=\"yoast-schema-graph\">{\"@context\":\"https:\\\/\\\/schema.org\",\"@graph\":[{\"@type\":\"WebPage\",\"@id\":\"https:\\\/\\\/matthiaskamann.com\\\/de\\\/websites\\\/\",\"url\":\"https:\\\/\\\/matthiaskamann.com\\\/de\\\/websites\\\/\",\"name\":\"Websites - Matthias Kamann\",\"isPartOf\":{\"@id\":\"https:\\\/\\\/matthiaskamann.com\\\/de\\\/#website\"},\"primaryImageOfPage\":{\"@id\":\"https:\\\/\\\/matthiaskamann.com\\\/de\\\/websites\\\/#primaryimage\"},\"image\":{\"@id\":\"https:\\\/\\\/matthiaskamann.com\\\/de\\\/websites\\\/#primaryimage\"},\"thumbnailUrl\":\"https:\\\/\\\/matthiaskamann.com\\\/wp-content\\\/uploads\\\/2024\\\/08\\\/Hej-Sweden-Logo-2020-03-3-sq1.jpg\",\"datePublished\":\"2022-02-07T14:27:00+00:00\",\"dateModified\":\"2024-11-11T14:32:11+00:00\",\"breadcrumb\":{\"@id\":\"https:\\\/\\\/matthiaskamann.com\\\/de\\\/websites\\\/#breadcrumb\"},\"inLanguage\":\"de-DE\",\"potentialAction\":[{\"@type\":\"ReadAction\",\"target\":[\"https:\\\/\\\/matthiaskamann.com\\\/de\\\/websites\\\/\"]}]},{\"@type\":\"ImageObject\",\"inLanguage\":\"de-DE\",\"@id\":\"https:\\\/\\\/matthiaskamann.com\\\/de\\\/websites\\\/#primaryimage\",\"url\":\"https:\\\/\\\/matthiaskamann.com\\\/wp-content\\\/uploads\\\/2024\\\/08\\\/Hej-Sweden-Logo-2020-03-3-sq1.jpg\",\"contentUrl\":\"https:\\\/\\\/matthiaskamann.com\\\/wp-content\\\/uploads\\\/2024\\\/08\\\/Hej-Sweden-Logo-2020-03-3-sq1.jpg\"},{\"@type\":\"BreadcrumbList\",\"@id\":\"https:\\\/\\\/matthiaskamann.com\\\/de\\\/websites\\\/#breadcrumb\",\"itemListElement\":[{\"@type\":\"ListItem\",\"position\":1,\"name\":\"Home\",\"item\":\"https:\\\/\\\/matthiaskamann.com\\\/de\\\/\"},{\"@type\":\"ListItem\",\"position\":2,\"name\":\"Websites\"}]},{\"@type\":\"WebSite\",\"@id\":\"https:\\\/\\\/matthiaskamann.com\\\/de\\\/#website\",\"url\":\"https:\\\/\\\/matthiaskamann.com\\\/de\\\/\",\"name\":\"Matthias Kamann\",\"description\":\"Author, Blogger &amp; Professional &quot;New-Swede&quot;\",\"publisher\":{\"@id\":\"https:\\\/\\\/matthiaskamann.com\\\/de\\\/#\\\/schema\\\/person\\\/e8b29813fd9acaa289169dbfe2cdbc51\"},\"potentialAction\":[{\"@type\":\"SearchAction\",\"target\":{\"@type\":\"EntryPoint\",\"urlTemplate\":\"https:\\\/\\\/matthiaskamann.com\\\/de\\\/?s={search_term_string}\"},\"query-input\":{\"@type\":\"PropertyValueSpecification\",\"valueRequired\":true,\"valueName\":\"search_term_string\"}}],\"inLanguage\":\"de-DE\"},{\"@type\":[\"Person\",\"Organization\"],\"@id\":\"https:\\\/\\\/matthiaskamann.com\\\/de\\\/#\\\/schema\\\/person\\\/e8b29813fd9acaa289169dbfe2cdbc51\",\"name\":\"Matthias Kamann\",\"image\":{\"@type\":\"ImageObject\",\"inLanguage\":\"de-DE\",\"@id\":\"https:\\\/\\\/matthiaskamann.com\\\/wp-content\\\/uploads\\\/2023\\\/03\\\/cropped-Matthias-Kamann-Logo-2023-230308-1-sq.png\",\"url\":\"https:\\\/\\\/matthiaskamann.com\\\/wp-content\\\/uploads\\\/2023\\\/03\\\/cropped-Matthias-Kamann-Logo-2023-230308-1-sq.png\",\"contentUrl\":\"https:\\\/\\\/matthiaskamann.com\\\/wp-content\\\/uploads\\\/2023\\\/03\\\/cropped-Matthias-Kamann-Logo-2023-230308-1-sq.png\",\"width\":512,\"height\":512,\"caption\":\"Matthias Kamann\"},\"logo\":{\"@id\":\"https:\\\/\\\/matthiaskamann.com\\\/wp-content\\\/uploads\\\/2023\\\/03\\\/cropped-Matthias-Kamann-Logo-2023-230308-1-sq.png\"},\"description\":\"Matthias is an author, designer and professional new-Swede living in the South of Sweden. He explores the country, looking for the most beautiful locations and exciting experiences. In his books depicts and explains the quirks of Swedish culture. Matthias' design work is inspired by the simplicity of Scandinavian lifestyle and idyllic nature, influenced by his love for Sweden, spiced with a pinch of (sometimes silly) sense of humour.\",\"sameAs\":[\"https:\\\/\\\/matthiaskamann.com\",\"https:\\\/\\\/www.instagram.com\\\/matthiaskamann\\\/\",\"https:\\\/\\\/x.com\\\/matthiaskamann\"]}]}<\/script>\n<!-- \/ Yoast SEO plugin. -->","yoast_head_json":{"title":"Websites - Matthias Kamann","robots":{"index":"index","follow":"follow","max-snippet":"max-snippet:-1","max-image-preview":"max-image-preview:large","max-video-preview":"max-video-preview:-1"},"canonical":"https:\/\/matthiaskamann.com\/de\/websites\/","og_locale":"de_DE","og_type":"article","og_title":"Websites - Matthias Kamann","og_description":"Hej Sweden Blog \u00fcber Schweden, schwedische Kultur und Tipps f\u00fcr Schweden-Reisende. hejsweden.com Haus Schweden Website \u00fcber schwedische H\u00e4user und wie man ein Haus in Schweden kauft. hausschweden.com","og_url":"https:\/\/matthiaskamann.com\/de\/websites\/","og_site_name":"Matthias Kamann","article_modified_time":"2024-11-11T14:32:11+00:00","og_image":[{"width":428,"height":428,"url":"https:\/\/matthiaskamann.com\/wp-content\/uploads\/2024\/08\/Hej-Sweden-Logo-2020-03-3-sq1.jpg","type":"image\/jpeg"}],"twitter_card":"summary_large_image","twitter_site":"@matthiaskamann","twitter_misc":{"Gesch\u00e4tzte Lesezeit":"1 minute"},"schema":{"@context":"https:\/\/schema.org","@graph":[{"@type":"WebPage","@id":"https:\/\/matthiaskamann.com\/de\/websites\/","url":"https:\/\/matthiaskamann.com\/de\/websites\/","name":"Websites - Matthias Kamann","isPartOf":{"@id":"https:\/\/matthiaskamann.com\/de\/#website"},"primaryImageOfPage":{"@id":"https:\/\/matthiaskamann.com\/de\/websites\/#primaryimage"},"image":{"@id":"https:\/\/matthiaskamann.com\/de\/websites\/#primaryimage"},"thumbnailUrl":"https:\/\/matthiaskamann.com\/wp-content\/uploads\/2024\/08\/Hej-Sweden-Logo-2020-03-3-sq1.jpg","datePublished":"2022-02-07T14:27:00+00:00","dateModified":"2024-11-11T14:32:11+00:00","breadcrumb":{"@id":"https:\/\/matthiaskamann.com\/de\/websites\/#breadcrumb"},"inLanguage":"de-DE","potentialAction":[{"@type":"ReadAction","target":["https:\/\/matthiaskamann.com\/de\/websites\/"]}]},{"@type":"ImageObject","inLanguage":"de-DE","@id":"https:\/\/matthiaskamann.com\/de\/websites\/#primaryimage","url":"https:\/\/matthiaskamann.com\/wp-content\/uploads\/2024\/08\/Hej-Sweden-Logo-2020-03-3-sq1.jpg","contentUrl":"https:\/\/matthiaskamann.com\/wp-content\/uploads\/2024\/08\/Hej-Sweden-Logo-2020-03-3-sq1.jpg"},{"@type":"BreadcrumbList","@id":"https:\/\/matthiaskamann.com\/de\/websites\/#breadcrumb","itemListElement":[{"@type":"ListItem","position":1,"name":"Home","item":"https:\/\/matthiaskamann.com\/de\/"},{"@type":"ListItem","position":2,"name":"Websites"}]},{"@type":"WebSite","@id":"https:\/\/matthiaskamann.com\/de\/#website","url":"https:\/\/matthiaskamann.com\/de\/","name":"Matthias Kamann","description":"Author, Blogger &amp; Professional &quot;New-Swede&quot;","publisher":{"@id":"https:\/\/matthiaskamann.com\/de\/#\/schema\/person\/e8b29813fd9acaa289169dbfe2cdbc51"},"potentialAction":[{"@type":"SearchAction","target":{"@type":"EntryPoint","urlTemplate":"https:\/\/matthiaskamann.com\/de\/?s={search_term_string}"},"query-input":{"@type":"PropertyValueSpecification","valueRequired":true,"valueName":"search_term_string"}}],"inLanguage":"de-DE"},{"@type":["Person","Organization"],"@id":"https:\/\/matthiaskamann.com\/de\/#\/schema\/person\/e8b29813fd9acaa289169dbfe2cdbc51","name":"Matthias Kamann","image":{"@type":"ImageObject","inLanguage":"de-DE","@id":"https:\/\/matthiaskamann.com\/wp-content\/uploads\/2023\/03\/cropped-Matthias-Kamann-Logo-2023-230308-1-sq.png","url":"https:\/\/matthiaskamann.com\/wp-content\/uploads\/2023\/03\/cropped-Matthias-Kamann-Logo-2023-230308-1-sq.png","contentUrl":"https:\/\/matthiaskamann.com\/wp-content\/uploads\/2023\/03\/cropped-Matthias-Kamann-Logo-2023-230308-1-sq.png","width":512,"height":512,"caption":"Matthias Kamann"},"logo":{"@id":"https:\/\/matthiaskamann.com\/wp-content\/uploads\/2023\/03\/cropped-Matthias-Kamann-Logo-2023-230308-1-sq.png"},"description":"Matthias is an author, designer and professional new-Swede living in the South of Sweden. He explores the country, looking for the most beautiful locations and exciting experiences. In his books depicts and explains the quirks of Swedish culture. Matthias' design work is inspired by the simplicity of Scandinavian lifestyle and idyllic nature, influenced by his love for Sweden, spiced with a pinch of (sometimes silly) sense of humour.","sameAs":["https:\/\/matthiaskamann.com","https:\/\/www.instagram.com\/matthiaskamann\/","https:\/\/x.com\/matthiaskamann"]}]}},"_links":{"self":[{"href":"https:\/\/matthiaskamann.com\/de\/wp-json\/wp\/v2\/pages\/1200","targetHints":{"allow":["GET"]}}],"collection":[{"href":"https:\/\/matthiaskamann.com\/de\/wp-json\/wp\/v2\/pages"}],"about":[{"href":"https:\/\/matthiaskamann.com\/de\/wp-json\/wp\/v2\/types\/page"}],"author":[{"embeddable":true,"href":"https:\/\/matthiaskamann.com\/de\/wp-json\/wp\/v2\/users\/2"}],"replies":[{"embeddable":true,"href":"https:\/\/matthiaskamann.com\/de\/wp-json\/wp\/v2\/comments?post=1200"}],"version-history":[{"count":0,"href":"https:\/\/matthiaskamann.com\/de\/wp-json\/wp\/v2\/pages\/1200\/revisions"}],"wp:attachment":[{"href":"https:\/\/matthiaskamann.com\/de\/wp-json\/wp\/v2\/media?parent=1200"}],"curies":[{"name":"wp","href":"https:\/\/api.w.org\/{rel}","templated":true}]}}