{"id":1119,"date":"2022-09-16T11:48:58","date_gmt":"2022-09-16T10:48:58","guid":{"rendered":"https:\/\/matthiaskamann.com\/?page_id=1119"},"modified":"2026-04-24T10:29:07","modified_gmt":"2026-04-24T09:29:07","slug":"bok-om-sverige-pa-engelska-how-to-be-swedish","status":"publish","type":"page","link":"https:\/\/matthiaskamann.com\/sv\/bok-om-sverige-pa-engelska-how-to-be-swedish\/","title":{"rendered":"Bok om Sverige p\u00e5 engelska: How to be Swedish"},"content":{"rendered":"\n<p>Rolig bok om Sverige och svensk kultur<\/p>\n\n\n<div class=\"wp-block-image\">\n<figure class=\"aligncenter size-full is-resized\"><a href=\"https:\/\/matthiaskamann.com\/wp-content\/uploads\/2022\/09\/Rolig-bok-om-Sverige-How-to-be-Swedish.png\"><img loading=\"lazy\" decoding=\"async\" width=\"672\" height=\"920\" src=\"https:\/\/matthiaskamann.com\/wp-content\/uploads\/2022\/09\/Rolig-bok-om-Sverige-How-to-be-Swedish.png\" alt=\"Rolig bok om Sverige p\u00e5 engelska- How to be Swedish\" class=\"wp-image-1120\" style=\"width:470px;height:auto\" srcset=\"https:\/\/matthiaskamann.com\/wp-content\/uploads\/2022\/09\/Rolig-bok-om-Sverige-How-to-be-Swedish.png 672w, https:\/\/matthiaskamann.com\/wp-content\/uploads\/2022\/09\/Rolig-bok-om-Sverige-How-to-be-Swedish-600x821.png 600w, https:\/\/matthiaskamann.com\/wp-content\/uploads\/2022\/09\/Rolig-bok-om-Sverige-How-to-be-Swedish-219x300.png 219w\" sizes=\"auto, (max-width: 672px) 100vw, 672px\" \/><\/a><\/figure>\n<\/div>\n\n\n<h3 class=\"wp-block-heading\">Letar du efter en bok om Sverige och svensk kultur, p\u00e5 engelska?<\/h3>\n\n\n\n<ul class=\"wp-block-list\">\n<li>\u201c<strong>How to be Swedish<\/strong>\u201d \u00e4r den perfekta presenten f\u00f6r dina internationella kompisar som vill l\u00e4ra sig \u201c<em>hur man \u00e4r svensk<\/em>\u201c.<\/li>\n\n\n\n<li>Boken handlar om svenskar och&nbsp;<strong>typiskt svenska traditioner<\/strong>.<\/li>\n\n\n\n<li>Den \u00e4r skriven p\u00e5&nbsp;<strong>l\u00e4ttl\u00e4st engelska<\/strong>.<\/li>\n<\/ul>\n\n\n\n<h3 class=\"wp-block-heading\">S\u00e5h\u00e4r beskrivs boken p\u00e5 baksidan (\u00f6vers\u00e4ttning fr\u00e5n den engelska originaltexten)<\/h3>\n\n\n\n<div class=\"wp-block-group has-base-2-background-color has-background\"><div class=\"wp-block-group__inner-container is-layout-flow wp-block-group-is-layout-flow\">\n<h3 class=\"wp-block-heading\"><em><strong>Hur man \u00e4r svensk: En snabbguide till svenskhet \u2013 I 55 steg<\/strong><\/em><\/h3>\n\n\n\n<p>Planerar du att resa till Sverige? Eller flytta dit f\u00f6r studier, arbete eller k\u00e4rlek? \u00c4r du orolig f\u00f6r en svensk kulturchock?<br>Matthias, en \u201cprofessionell nysvensk\u201d, f\u00f6rklarar hur man upptr\u00e4der som en typisk svensk, i 55 enkla steg.<\/p>\n\n\n\n<p><strong>I denna bok kommer du, bland annat, att l\u00e4ra dig att:<\/strong><\/p>\n\n\n\n<ul class=\"wp-block-list\">\n<li>Umg\u00e5s med svenskar utan att sk\u00e4mma ut dig<\/li>\n\n\n\n<li>Fira svenska h\u00f6gtider<\/li>\n\n\n\n<li>Fl\u00f6rta som en svensk<\/li>\n<\/ul>\n\n\n\n<p><strong>L\u00e4r dig varf\u00f6r:<\/strong><\/p>\n\n\n\n<ul class=\"wp-block-list\">\n<li>\u2026 Svenskar \u00e4r besatta av solsken, natur och en social aktivitet som kallas f\u00f6r fika<\/li>\n\n\n\n<li>\u2026 Svenskar inte arbetar under juli m\u00e5nad<\/li>\n\n\n\n<li>\u2026 Svenskar dansar som grodor runt en stolpe som ser ut som en gigantisk fallos<\/li>\n<\/ul>\n\n\n\n<p>\u2026 och m\u00e5nga mer steg f\u00f6r att enkelt sm\u00e4lta in bland svenskar.<br>L\u00e4r dig vad svenska folket fruktar och \u00f6nskar sig.<br>Denna guide till Sverige kommer att g\u00f6ra dig f\u00f6rberedd f\u00f6r en&nbsp;fantastisk&nbsp;tid i Sverige.<\/p>\n<\/div><\/div>\n\n\n\n<h3 class=\"wp-block-heading has-text-align-center\">Best\u00e4ll nu, p\u00e5 <br><a href=\"https:\/\/matthiaskamann.com\/adlibris-se-how-to-be-swedish\" target=\"_blank\" rel=\"noreferrer noopener\">Adlibris<\/a>\u00a0| <a href=\"https:\/\/matthiaskamann.com\/bokus-se-how-to-be-swedish\" target=\"_blank\" rel=\"noreferrer noopener\">Bokus<\/a> | <a href=\"https:\/\/www.kobo.com\/ebook\/how-to-be-swedish\">Kobo<\/a><br>eller p\u00e5 din lokala\u00a0<a href=\"https:\/\/matthiaskamann.com\/akademibokhandeln-se-how-to-be-swedish\" target=\"_blank\" rel=\"noreferrer noopener\">Akademibokhandeln<\/a><\/h3>\n\n\n\n<p class=\"has-text-align-center\">Boken finns \u00e4ven p\u00e5 tyska: <br><em><em><a href=\"https:\/\/matthiaskamann.com\/sv\/bok-om-sverige-pa-engelska-how-to-be-swedish\/\">Schweden f\u00fcr Anf\u00e4nger<\/a><\/em><\/em><\/p>\n\n\n\n<hr class=\"wp-block-separator has-alpha-channel-opacity\"\/>\n\n\n\n<p class=\"has-text-align-center\">F\u00f6lj @HowtobeSwedish p\u00e5 <a href=\"https:\/\/www.instagram.com\/HowtobeSwedish\/\" target=\"_blank\" rel=\"noreferrer noopener\">Instagram<\/a>&nbsp;och&nbsp;<a href=\"https:\/\/www.facebook.com\/HowtobeSwedish\/\" target=\"_blank\" rel=\"noreferrer noopener\">Facebook<\/a><\/p>\n","protected":false},"excerpt":{"rendered":"<p>Rolig bok om Sverige och svensk kultur Letar du efter en bok om Sverige och svensk kultur, p\u00e5 engelska? S\u00e5h\u00e4r beskrivs boken p\u00e5 baksidan (\u00f6vers\u00e4ttning fr\u00e5n den engelska originaltexten) Hur man \u00e4r svensk: En snabbguide till svenskhet \u2013 I 55 steg Planerar du att resa till Sverige? Eller flytta dit f\u00f6r studier, arbete eller k\u00e4rlek? &#8230; <\/p>\n<p class=\"read-more-container\"><a title=\"Bok om Sverige p\u00e5 engelska: How to be Swedish\" class=\"read-more button\" href=\"https:\/\/matthiaskamann.com\/sv\/bok-om-sverige-pa-engelska-how-to-be-swedish\/#more-1119\" aria-label=\"Read more about Bok om Sverige p\u00e5 engelska: How to be Swedish\">Read more<\/a><\/p>\n","protected":false},"author":2,"featured_media":1120,"parent":0,"menu_order":0,"comment_status":"closed","ping_status":"closed","template":"","meta":{"generate_page_header":"","footnotes":""},"class_list":["post-1119","page","type-page","status-publish","has-post-thumbnail"],"yoast_head":"<!-- This site is optimized with the Yoast SEO plugin v27.5 - https:\/\/yoast.com\/product\/yoast-seo-wordpress\/ -->\n<title>Bok om Sverige p\u00e5 engelska: How to be Swedish - Matthias Kamann<\/title>\n<meta name=\"robots\" content=\"index, follow, max-snippet:-1, max-image-preview:large, max-video-preview:-1\" \/>\n<link rel=\"canonical\" href=\"https:\/\/matthiaskamann.com\/sv\/bok-om-sverige-pa-engelska-how-to-be-swedish\/\" \/>\n<meta property=\"og:locale\" content=\"sv_SE\" \/>\n<meta property=\"og:type\" content=\"article\" \/>\n<meta property=\"og:title\" content=\"Bok om Sverige p\u00e5 engelska: How to be Swedish - Matthias Kamann\" \/>\n<meta property=\"og:description\" content=\"Rolig bok om Sverige och svensk kultur Letar du efter en bok om Sverige och svensk kultur, p\u00e5 engelska? S\u00e5h\u00e4r beskrivs boken p\u00e5 baksidan (\u00f6vers\u00e4ttning fr\u00e5n den engelska originaltexten) Hur man \u00e4r svensk: En snabbguide till svenskhet \u2013 I 55 steg Planerar du att resa till Sverige? Eller flytta dit f\u00f6r studier, arbete eller k\u00e4rlek? ... Read more\" \/>\n<meta property=\"og:url\" content=\"https:\/\/matthiaskamann.com\/sv\/bok-om-sverige-pa-engelska-how-to-be-swedish\/\" \/>\n<meta property=\"og:site_name\" content=\"Matthias Kamann\" \/>\n<meta property=\"article:modified_time\" content=\"2026-04-24T09:29:07+00:00\" \/>\n<meta property=\"og:image\" content=\"https:\/\/matthiaskamann.com\/wp-content\/uploads\/2022\/09\/Rolig-bok-om-Sverige-How-to-be-Swedish.png\" \/>\n\t<meta property=\"og:image:width\" content=\"672\" \/>\n\t<meta property=\"og:image:height\" content=\"920\" \/>\n\t<meta property=\"og:image:type\" content=\"image\/png\" \/>\n<meta name=\"twitter:card\" content=\"summary_large_image\" \/>\n<meta name=\"twitter:site\" content=\"@matthiaskamann\" \/>\n<meta name=\"twitter:label1\" content=\"Ber\u00e4knad l\u00e4stid\" \/>\n\t<meta name=\"twitter:data1\" content=\"2 minutes\" \/>\n<script type=\"application\/ld+json\" class=\"yoast-schema-graph\">{\"@context\":\"https:\\\/\\\/schema.org\",\"@graph\":[{\"@type\":\"WebPage\",\"@id\":\"https:\\\/\\\/matthiaskamann.com\\\/sv\\\/bok-om-sverige-pa-engelska-how-to-be-swedish\\\/\",\"url\":\"https:\\\/\\\/matthiaskamann.com\\\/sv\\\/bok-om-sverige-pa-engelska-how-to-be-swedish\\\/\",\"name\":\"Bok om Sverige p\u00e5 engelska: How to be Swedish - Matthias Kamann\",\"isPartOf\":{\"@id\":\"https:\\\/\\\/matthiaskamann.com\\\/sv\\\/#website\"},\"primaryImageOfPage\":{\"@id\":\"https:\\\/\\\/matthiaskamann.com\\\/sv\\\/bok-om-sverige-pa-engelska-how-to-be-swedish\\\/#primaryimage\"},\"image\":{\"@id\":\"https:\\\/\\\/matthiaskamann.com\\\/sv\\\/bok-om-sverige-pa-engelska-how-to-be-swedish\\\/#primaryimage\"},\"thumbnailUrl\":\"https:\\\/\\\/matthiaskamann.com\\\/wp-content\\\/uploads\\\/2022\\\/09\\\/Rolig-bok-om-Sverige-How-to-be-Swedish.png\",\"datePublished\":\"2022-09-16T10:48:58+00:00\",\"dateModified\":\"2026-04-24T09:29:07+00:00\",\"breadcrumb\":{\"@id\":\"https:\\\/\\\/matthiaskamann.com\\\/sv\\\/bok-om-sverige-pa-engelska-how-to-be-swedish\\\/#breadcrumb\"},\"inLanguage\":\"sv-SE\",\"potentialAction\":[{\"@type\":\"ReadAction\",\"target\":[\"https:\\\/\\\/matthiaskamann.com\\\/sv\\\/bok-om-sverige-pa-engelska-how-to-be-swedish\\\/\"]}]},{\"@type\":\"ImageObject\",\"inLanguage\":\"sv-SE\",\"@id\":\"https:\\\/\\\/matthiaskamann.com\\\/sv\\\/bok-om-sverige-pa-engelska-how-to-be-swedish\\\/#primaryimage\",\"url\":\"https:\\\/\\\/matthiaskamann.com\\\/wp-content\\\/uploads\\\/2022\\\/09\\\/Rolig-bok-om-Sverige-How-to-be-Swedish.png\",\"contentUrl\":\"https:\\\/\\\/matthiaskamann.com\\\/wp-content\\\/uploads\\\/2022\\\/09\\\/Rolig-bok-om-Sverige-How-to-be-Swedish.png\",\"width\":672,\"height\":920,\"caption\":\"Rolig bok om Sverige p\u00e5 engelska- How to be Swedish\"},{\"@type\":\"BreadcrumbList\",\"@id\":\"https:\\\/\\\/matthiaskamann.com\\\/sv\\\/bok-om-sverige-pa-engelska-how-to-be-swedish\\\/#breadcrumb\",\"itemListElement\":[{\"@type\":\"ListItem\",\"position\":1,\"name\":\"Home\",\"item\":\"https:\\\/\\\/matthiaskamann.com\\\/sv\\\/\"},{\"@type\":\"ListItem\",\"position\":2,\"name\":\"Bok om Sverige p\u00e5 engelska: How to be Swedish\"}]},{\"@type\":\"WebSite\",\"@id\":\"https:\\\/\\\/matthiaskamann.com\\\/sv\\\/#website\",\"url\":\"https:\\\/\\\/matthiaskamann.com\\\/sv\\\/\",\"name\":\"Matthias Kamann\",\"description\":\"Author, Blogger &amp; Professional &quot;New-Swede&quot;\",\"publisher\":{\"@id\":\"https:\\\/\\\/matthiaskamann.com\\\/sv\\\/#\\\/schema\\\/person\\\/e8b29813fd9acaa289169dbfe2cdbc51\"},\"potentialAction\":[{\"@type\":\"SearchAction\",\"target\":{\"@type\":\"EntryPoint\",\"urlTemplate\":\"https:\\\/\\\/matthiaskamann.com\\\/sv\\\/?s={search_term_string}\"},\"query-input\":{\"@type\":\"PropertyValueSpecification\",\"valueRequired\":true,\"valueName\":\"search_term_string\"}}],\"inLanguage\":\"sv-SE\"},{\"@type\":[\"Person\",\"Organization\"],\"@id\":\"https:\\\/\\\/matthiaskamann.com\\\/sv\\\/#\\\/schema\\\/person\\\/e8b29813fd9acaa289169dbfe2cdbc51\",\"name\":\"Matthias Kamann\",\"image\":{\"@type\":\"ImageObject\",\"inLanguage\":\"sv-SE\",\"@id\":\"https:\\\/\\\/matthiaskamann.com\\\/wp-content\\\/uploads\\\/2023\\\/03\\\/cropped-Matthias-Kamann-Logo-2023-230308-1-sq.png\",\"url\":\"https:\\\/\\\/matthiaskamann.com\\\/wp-content\\\/uploads\\\/2023\\\/03\\\/cropped-Matthias-Kamann-Logo-2023-230308-1-sq.png\",\"contentUrl\":\"https:\\\/\\\/matthiaskamann.com\\\/wp-content\\\/uploads\\\/2023\\\/03\\\/cropped-Matthias-Kamann-Logo-2023-230308-1-sq.png\",\"width\":512,\"height\":512,\"caption\":\"Matthias Kamann\"},\"logo\":{\"@id\":\"https:\\\/\\\/matthiaskamann.com\\\/wp-content\\\/uploads\\\/2023\\\/03\\\/cropped-Matthias-Kamann-Logo-2023-230308-1-sq.png\"},\"description\":\"Matthias is an author, designer and professional new-Swede living in the South of Sweden. He explores the country, looking for the most beautiful locations and exciting experiences. In his books depicts and explains the quirks of Swedish culture. Matthias' design work is inspired by the simplicity of Scandinavian lifestyle and idyllic nature, influenced by his love for Sweden, spiced with a pinch of (sometimes silly) sense of humour.\",\"sameAs\":[\"https:\\\/\\\/matthiaskamann.com\",\"https:\\\/\\\/www.instagram.com\\\/matthiaskamann\\\/\",\"https:\\\/\\\/x.com\\\/matthiaskamann\"]}]}<\/script>\n<!-- \/ Yoast SEO plugin. -->","yoast_head_json":{"title":"Bok om Sverige p\u00e5 engelska: How to be Swedish - Matthias Kamann","robots":{"index":"index","follow":"follow","max-snippet":"max-snippet:-1","max-image-preview":"max-image-preview:large","max-video-preview":"max-video-preview:-1"},"canonical":"https:\/\/matthiaskamann.com\/sv\/bok-om-sverige-pa-engelska-how-to-be-swedish\/","og_locale":"sv_SE","og_type":"article","og_title":"Bok om Sverige p\u00e5 engelska: How to be Swedish - Matthias Kamann","og_description":"Rolig bok om Sverige och svensk kultur Letar du efter en bok om Sverige och svensk kultur, p\u00e5 engelska? S\u00e5h\u00e4r beskrivs boken p\u00e5 baksidan (\u00f6vers\u00e4ttning fr\u00e5n den engelska originaltexten) Hur man \u00e4r svensk: En snabbguide till svenskhet \u2013 I 55 steg Planerar du att resa till Sverige? Eller flytta dit f\u00f6r studier, arbete eller k\u00e4rlek? ... Read more","og_url":"https:\/\/matthiaskamann.com\/sv\/bok-om-sverige-pa-engelska-how-to-be-swedish\/","og_site_name":"Matthias Kamann","article_modified_time":"2026-04-24T09:29:07+00:00","og_image":[{"width":672,"height":920,"url":"https:\/\/matthiaskamann.com\/wp-content\/uploads\/2022\/09\/Rolig-bok-om-Sverige-How-to-be-Swedish.png","type":"image\/png"}],"twitter_card":"summary_large_image","twitter_site":"@matthiaskamann","twitter_misc":{"Ber\u00e4knad l\u00e4stid":"2 minutes"},"schema":{"@context":"https:\/\/schema.org","@graph":[{"@type":"WebPage","@id":"https:\/\/matthiaskamann.com\/sv\/bok-om-sverige-pa-engelska-how-to-be-swedish\/","url":"https:\/\/matthiaskamann.com\/sv\/bok-om-sverige-pa-engelska-how-to-be-swedish\/","name":"Bok om Sverige p\u00e5 engelska: How to be Swedish - Matthias Kamann","isPartOf":{"@id":"https:\/\/matthiaskamann.com\/sv\/#website"},"primaryImageOfPage":{"@id":"https:\/\/matthiaskamann.com\/sv\/bok-om-sverige-pa-engelska-how-to-be-swedish\/#primaryimage"},"image":{"@id":"https:\/\/matthiaskamann.com\/sv\/bok-om-sverige-pa-engelska-how-to-be-swedish\/#primaryimage"},"thumbnailUrl":"https:\/\/matthiaskamann.com\/wp-content\/uploads\/2022\/09\/Rolig-bok-om-Sverige-How-to-be-Swedish.png","datePublished":"2022-09-16T10:48:58+00:00","dateModified":"2026-04-24T09:29:07+00:00","breadcrumb":{"@id":"https:\/\/matthiaskamann.com\/sv\/bok-om-sverige-pa-engelska-how-to-be-swedish\/#breadcrumb"},"inLanguage":"sv-SE","potentialAction":[{"@type":"ReadAction","target":["https:\/\/matthiaskamann.com\/sv\/bok-om-sverige-pa-engelska-how-to-be-swedish\/"]}]},{"@type":"ImageObject","inLanguage":"sv-SE","@id":"https:\/\/matthiaskamann.com\/sv\/bok-om-sverige-pa-engelska-how-to-be-swedish\/#primaryimage","url":"https:\/\/matthiaskamann.com\/wp-content\/uploads\/2022\/09\/Rolig-bok-om-Sverige-How-to-be-Swedish.png","contentUrl":"https:\/\/matthiaskamann.com\/wp-content\/uploads\/2022\/09\/Rolig-bok-om-Sverige-How-to-be-Swedish.png","width":672,"height":920,"caption":"Rolig bok om Sverige p\u00e5 engelska- How to be Swedish"},{"@type":"BreadcrumbList","@id":"https:\/\/matthiaskamann.com\/sv\/bok-om-sverige-pa-engelska-how-to-be-swedish\/#breadcrumb","itemListElement":[{"@type":"ListItem","position":1,"name":"Home","item":"https:\/\/matthiaskamann.com\/sv\/"},{"@type":"ListItem","position":2,"name":"Bok om Sverige p\u00e5 engelska: How to be Swedish"}]},{"@type":"WebSite","@id":"https:\/\/matthiaskamann.com\/sv\/#website","url":"https:\/\/matthiaskamann.com\/sv\/","name":"Matthias Kamann","description":"Author, Blogger &amp; Professional &quot;New-Swede&quot;","publisher":{"@id":"https:\/\/matthiaskamann.com\/sv\/#\/schema\/person\/e8b29813fd9acaa289169dbfe2cdbc51"},"potentialAction":[{"@type":"SearchAction","target":{"@type":"EntryPoint","urlTemplate":"https:\/\/matthiaskamann.com\/sv\/?s={search_term_string}"},"query-input":{"@type":"PropertyValueSpecification","valueRequired":true,"valueName":"search_term_string"}}],"inLanguage":"sv-SE"},{"@type":["Person","Organization"],"@id":"https:\/\/matthiaskamann.com\/sv\/#\/schema\/person\/e8b29813fd9acaa289169dbfe2cdbc51","name":"Matthias Kamann","image":{"@type":"ImageObject","inLanguage":"sv-SE","@id":"https:\/\/matthiaskamann.com\/wp-content\/uploads\/2023\/03\/cropped-Matthias-Kamann-Logo-2023-230308-1-sq.png","url":"https:\/\/matthiaskamann.com\/wp-content\/uploads\/2023\/03\/cropped-Matthias-Kamann-Logo-2023-230308-1-sq.png","contentUrl":"https:\/\/matthiaskamann.com\/wp-content\/uploads\/2023\/03\/cropped-Matthias-Kamann-Logo-2023-230308-1-sq.png","width":512,"height":512,"caption":"Matthias Kamann"},"logo":{"@id":"https:\/\/matthiaskamann.com\/wp-content\/uploads\/2023\/03\/cropped-Matthias-Kamann-Logo-2023-230308-1-sq.png"},"description":"Matthias is an author, designer and professional new-Swede living in the South of Sweden. He explores the country, looking for the most beautiful locations and exciting experiences. In his books depicts and explains the quirks of Swedish culture. Matthias' design work is inspired by the simplicity of Scandinavian lifestyle and idyllic nature, influenced by his love for Sweden, spiced with a pinch of (sometimes silly) sense of humour.","sameAs":["https:\/\/matthiaskamann.com","https:\/\/www.instagram.com\/matthiaskamann\/","https:\/\/x.com\/matthiaskamann"]}]}},"_links":{"self":[{"href":"https:\/\/matthiaskamann.com\/sv\/wp-json\/wp\/v2\/pages\/1119","targetHints":{"allow":["GET"]}}],"collection":[{"href":"https:\/\/matthiaskamann.com\/sv\/wp-json\/wp\/v2\/pages"}],"about":[{"href":"https:\/\/matthiaskamann.com\/sv\/wp-json\/wp\/v2\/types\/page"}],"author":[{"embeddable":true,"href":"https:\/\/matthiaskamann.com\/sv\/wp-json\/wp\/v2\/users\/2"}],"replies":[{"embeddable":true,"href":"https:\/\/matthiaskamann.com\/sv\/wp-json\/wp\/v2\/comments?post=1119"}],"version-history":[{"count":6,"href":"https:\/\/matthiaskamann.com\/sv\/wp-json\/wp\/v2\/pages\/1119\/revisions"}],"predecessor-version":[{"id":1899,"href":"https:\/\/matthiaskamann.com\/sv\/wp-json\/wp\/v2\/pages\/1119\/revisions\/1899"}],"wp:featuredmedia":[{"embeddable":true,"href":"https:\/\/matthiaskamann.com\/sv\/wp-json\/wp\/v2\/media\/1120"}],"wp:attachment":[{"href":"https:\/\/matthiaskamann.com\/sv\/wp-json\/wp\/v2\/media?parent=1119"}],"curies":[{"name":"wp","href":"https:\/\/api.w.org\/{rel}","templated":true}]}}