{"id":1144,"date":"2022-02-07T17:35:43","date_gmt":"2022-02-07T16:35:43","guid":{"rendered":"https:\/\/matthiaskamann.com\/kontakt\/"},"modified":"2025-09-05T15:24:18","modified_gmt":"2025-09-05T14:24:18","slug":"kontakt","status":"publish","type":"page","link":"https:\/\/matthiaskamann.com\/sv\/kontakt\/","title":{"rendered":"Kontakt"},"content":{"rendered":"\n<p id=\"block-3e6b094e-ba78-4f98-a539-8c0419d5ae34\"><strong>E-post<\/strong>: <br><a href=\"&#109;a&#x69;l&#x74;&#111;&#x3a;&#104;&#x65;&#108;l&#x6f;&#64;&#x6d;&#97;&#x74;&#116;&#x68;&#105;&#x61;&#115;k&#x61;m&#x61;&#110;&#x6e;&#46;&#x63;&#111;m\">&#x68;e&#x6c;&#108;&#x6f;&#x40;m&#x61;&#116;&#x74;&#x68;i&#x61;&#115;&#x6b;&#x61;m&#x61;&#110;&#x6e;&#x2e;c&#x6f;&#109;<br><\/a>eller via kontaktformul\u00e4ret l\u00e4ngre ner<\/p>\n\n\n\n<p id=\"block-3eaf95cc-b5b8-416b-8293-ee0bcf5e1665\"><strong>Telefon<\/strong>: <br>Skicka g\u00e4rna ett sms eller l\u00e4mna ett voicemail om jag inte kan svara<br>+46 (0)768 127 551<br><\/p>\n\n\n\n<p><strong>Adress:<\/strong><br>Matthias Kamann<br>Tyras v\u00e4g 7<br>291 66 Kristianstad<\/p>\n\n\n<div class=\"wpforms-container wpforms-container-full wpforms-block wpforms-block-4e2053c6-4571-496f-be28-c82926688e63\" id=\"wpforms-1439\"><form id=\"wpforms-form-1439\" class=\"wpforms-validate wpforms-form wpforms-ajax-form\" data-formid=\"1439\" method=\"post\" enctype=\"multipart\/form-data\" action=\"\/sv\/wp-json\/wp\/v2\/pages\/1144\" data-token=\"c02ad63135b9704fb39c48c21b2e4aad\" data-token-time=\"1777535644\"><noscript class=\"wpforms-error-noscript\">Please enable JavaScript in your browser to complete this form.<\/noscript><div class=\"wpforms-field-container\"><div id=\"wpforms-1439-field_0-container\" class=\"wpforms-field wpforms-field-name\" data-field-id=\"0\"><label class=\"wpforms-field-label\">Name <span class=\"wpforms-required-label\">*<\/span><\/label><div class=\"wpforms-field-row wpforms-field-medium\"><div class=\"wpforms-field-row-block wpforms-first wpforms-one-half\"><input type=\"text\" id=\"wpforms-1439-field_0\" class=\"wpforms-field-name-first wpforms-field-required\" name=\"wpforms[fields][0][first]\" required><label for=\"wpforms-1439-field_0\" class=\"wpforms-field-sublabel after\">First<\/label><\/div><div class=\"wpforms-field-row-block wpforms-one-half\"><input type=\"text\" id=\"wpforms-1439-field_0-last\" class=\"wpforms-field-name-last wpforms-field-required\" name=\"wpforms[fields][0][last]\" required><label for=\"wpforms-1439-field_0-last\" class=\"wpforms-field-sublabel after\">Last<\/label><\/div><\/div><\/div><div id=\"wpforms-1439-field_1-container\" class=\"wpforms-field wpforms-field-email\" data-field-id=\"1\"><label class=\"wpforms-field-label\" for=\"wpforms-1439-field_1\">Email <span class=\"wpforms-required-label\">*<\/span><\/label><input type=\"email\" id=\"wpforms-1439-field_1\" class=\"wpforms-field-medium wpforms-field-required\" name=\"wpforms[fields][1]\" spellcheck=\"false\" required><\/div><div id=\"wpforms-1439-field_2-container\" class=\"wpforms-field wpforms-field-textarea\" data-field-id=\"2\"><label class=\"wpforms-field-label\" for=\"wpforms-1439-field_2\">Comment or Message<\/label><textarea id=\"wpforms-1439-field_2\" class=\"wpforms-field-medium\" name=\"wpforms[fields][2]\" ><\/textarea><\/div><\/div><!-- .wpforms-field-container --><div class=\"wpforms-recaptcha-container wpforms-is-recaptcha wpforms-is-recaptcha-type-v2\" ><div class=\"g-recaptcha\" data-sitekey=\"6LdBcpUpAAAAAJQzP9Ie37lU9whjrillShk9nBb-\"><\/div><input type=\"text\" name=\"g-recaptcha-hidden\" class=\"wpforms-recaptcha-hidden\" style=\"position:absolute!important;clip:rect(0,0,0,0)!important;height:1px!important;width:1px!important;border:0!important;overflow:hidden!important;padding:0!important;margin:0!important;\" data-rule-recaptcha=\"1\"><\/div><div class=\"wpforms-submit-container\" ><input type=\"hidden\" name=\"wpforms[id]\" value=\"1439\"><input type=\"hidden\" name=\"page_title\" value=\"\"><input type=\"hidden\" name=\"page_url\" value=\"https:\/\/matthiaskamann.com\/sv\/wp-json\/wp\/v2\/pages\/1144\"><input type=\"hidden\" name=\"url_referer\" value=\"\"><button type=\"submit\" name=\"wpforms[submit]\" id=\"wpforms-submit-1439\" class=\"wpforms-submit\" data-alt-text=\"Sending...\" data-submit-text=\"Submit\" aria-live=\"assertive\" value=\"wpforms-submit\">Submit<\/button><img loading=\"lazy\" decoding=\"async\" src=\"https:\/\/matthiaskamann.com\/wp-content\/plugins\/wpforms-lite\/assets\/images\/submit-spin.svg\" class=\"wpforms-submit-spinner\" style=\"display: none;\" width=\"26\" height=\"26\" alt=\"Loading\"><\/div><\/form><\/div>  <!-- .wpforms-container -->","protected":false},"excerpt":{"rendered":"<p>E-post: &#x68;&#x65;&#x6c;&#108;&#111;&#64;m&#x61;&#x74;&#x74;&#x68;&#105;&#97;sk&#x61;&#x6d;&#x61;&#110;&#110;&#46;co&#x6d;eller via kontaktformul\u00e4ret l\u00e4ngre ner Telefon: Skicka g\u00e4rna ett sms eller l\u00e4mna ett voicemail om jag inte kan svara+46 (0)768 127 551 Adress:Matthias KamannTyras v\u00e4g 7291 66 Kristianstad<\/p>\n","protected":false},"author":2,"featured_media":0,"parent":0,"menu_order":0,"comment_status":"closed","ping_status":"closed","template":"","meta":{"generate_page_header":"","footnotes":""},"class_list":["post-1144","page","type-page","status-publish"],"yoast_head":"<!-- This site is optimized with the Yoast SEO plugin v27.5 - https:\/\/yoast.com\/product\/yoast-seo-wordpress\/ -->\n<title>Kontakt - Matthias Kamann<\/title>\n<meta name=\"robots\" content=\"index, follow, max-snippet:-1, max-image-preview:large, max-video-preview:-1\" \/>\n<link rel=\"canonical\" href=\"https:\/\/matthiaskamann.com\/sv\/kontakt\/\" \/>\n<meta property=\"og:locale\" content=\"sv_SE\" \/>\n<meta property=\"og:type\" content=\"article\" \/>\n<meta property=\"og:title\" content=\"Kontakt - Matthias Kamann\" \/>\n<meta property=\"og:description\" content=\"E-post: &#104;&#x65;l&#x6c;&#x6f;&#064;&#x6d;a&#x74;&#x74;&#104;&#x69;a&#x73;&#x6b;&#097;&#x6d;a&#x6e;&#x6e;&#046;&#x63;o&#x6d;eller via kontaktformul\u00e4ret l\u00e4ngre ner Telefon: Skicka g\u00e4rna ett sms eller l\u00e4mna ett voicemail om jag inte kan svara+46 (0)768 127 551 Adress:Matthias KamannTyras v\u00e4g 7291 66 Kristianstad\" \/>\n<meta property=\"og:url\" content=\"https:\/\/matthiaskamann.com\/sv\/kontakt\/\" \/>\n<meta property=\"og:site_name\" content=\"Matthias Kamann\" \/>\n<meta property=\"article:modified_time\" content=\"2025-09-05T14:24:18+00:00\" \/>\n<meta property=\"og:image\" content=\"https:\/\/matthiaskamann.com\/wp-content\/uploads\/2023\/03\/cropped-Matthias-Kamann-Logo-2023-230308-1-sq.png\" \/>\n\t<meta property=\"og:image:width\" content=\"512\" \/>\n\t<meta property=\"og:image:height\" content=\"512\" \/>\n\t<meta property=\"og:image:type\" content=\"image\/png\" \/>\n<meta name=\"twitter:card\" content=\"summary_large_image\" \/>\n<meta name=\"twitter:site\" content=\"@matthiaskamann\" \/>\n<meta name=\"twitter:label1\" content=\"Ber\u00e4knad l\u00e4stid\" \/>\n\t<meta name=\"twitter:data1\" content=\"1 minute\" \/>\n<script type=\"application\/ld+json\" class=\"yoast-schema-graph\">{\"@context\":\"https:\\\/\\\/schema.org\",\"@graph\":[{\"@type\":\"WebPage\",\"@id\":\"https:\\\/\\\/matthiaskamann.com\\\/sv\\\/kontakt\\\/\",\"url\":\"https:\\\/\\\/matthiaskamann.com\\\/sv\\\/kontakt\\\/\",\"name\":\"Kontakt - Matthias Kamann\",\"isPartOf\":{\"@id\":\"https:\\\/\\\/matthiaskamann.com\\\/sv\\\/#website\"},\"datePublished\":\"2022-02-07T16:35:43+00:00\",\"dateModified\":\"2025-09-05T14:24:18+00:00\",\"breadcrumb\":{\"@id\":\"https:\\\/\\\/matthiaskamann.com\\\/sv\\\/kontakt\\\/#breadcrumb\"},\"inLanguage\":\"sv-SE\",\"potentialAction\":[{\"@type\":\"ReadAction\",\"target\":[\"https:\\\/\\\/matthiaskamann.com\\\/sv\\\/kontakt\\\/\"]}]},{\"@type\":\"BreadcrumbList\",\"@id\":\"https:\\\/\\\/matthiaskamann.com\\\/sv\\\/kontakt\\\/#breadcrumb\",\"itemListElement\":[{\"@type\":\"ListItem\",\"position\":1,\"name\":\"Home\",\"item\":\"https:\\\/\\\/matthiaskamann.com\\\/sv\\\/\"},{\"@type\":\"ListItem\",\"position\":2,\"name\":\"Kontakt\"}]},{\"@type\":\"WebSite\",\"@id\":\"https:\\\/\\\/matthiaskamann.com\\\/sv\\\/#website\",\"url\":\"https:\\\/\\\/matthiaskamann.com\\\/sv\\\/\",\"name\":\"Matthias Kamann\",\"description\":\"Author, Blogger &amp; Professional &quot;New-Swede&quot;\",\"publisher\":{\"@id\":\"https:\\\/\\\/matthiaskamann.com\\\/sv\\\/#\\\/schema\\\/person\\\/e8b29813fd9acaa289169dbfe2cdbc51\"},\"potentialAction\":[{\"@type\":\"SearchAction\",\"target\":{\"@type\":\"EntryPoint\",\"urlTemplate\":\"https:\\\/\\\/matthiaskamann.com\\\/sv\\\/?s={search_term_string}\"},\"query-input\":{\"@type\":\"PropertyValueSpecification\",\"valueRequired\":true,\"valueName\":\"search_term_string\"}}],\"inLanguage\":\"sv-SE\"},{\"@type\":[\"Person\",\"Organization\"],\"@id\":\"https:\\\/\\\/matthiaskamann.com\\\/sv\\\/#\\\/schema\\\/person\\\/e8b29813fd9acaa289169dbfe2cdbc51\",\"name\":\"Matthias Kamann\",\"image\":{\"@type\":\"ImageObject\",\"inLanguage\":\"sv-SE\",\"@id\":\"https:\\\/\\\/matthiaskamann.com\\\/wp-content\\\/uploads\\\/2023\\\/03\\\/cropped-Matthias-Kamann-Logo-2023-230308-1-sq.png\",\"url\":\"https:\\\/\\\/matthiaskamann.com\\\/wp-content\\\/uploads\\\/2023\\\/03\\\/cropped-Matthias-Kamann-Logo-2023-230308-1-sq.png\",\"contentUrl\":\"https:\\\/\\\/matthiaskamann.com\\\/wp-content\\\/uploads\\\/2023\\\/03\\\/cropped-Matthias-Kamann-Logo-2023-230308-1-sq.png\",\"width\":512,\"height\":512,\"caption\":\"Matthias Kamann\"},\"logo\":{\"@id\":\"https:\\\/\\\/matthiaskamann.com\\\/wp-content\\\/uploads\\\/2023\\\/03\\\/cropped-Matthias-Kamann-Logo-2023-230308-1-sq.png\"},\"description\":\"Matthias is an author, designer and professional new-Swede living in the South of Sweden. He explores the country, looking for the most beautiful locations and exciting experiences. In his books depicts and explains the quirks of Swedish culture. Matthias' design work is inspired by the simplicity of Scandinavian lifestyle and idyllic nature, influenced by his love for Sweden, spiced with a pinch of (sometimes silly) sense of humour.\",\"sameAs\":[\"https:\\\/\\\/matthiaskamann.com\",\"https:\\\/\\\/www.instagram.com\\\/matthiaskamann\\\/\",\"https:\\\/\\\/x.com\\\/matthiaskamann\"]}]}<\/script>\n<!-- \/ Yoast SEO plugin. -->","yoast_head_json":{"title":"Kontakt - Matthias Kamann","robots":{"index":"index","follow":"follow","max-snippet":"max-snippet:-1","max-image-preview":"max-image-preview:large","max-video-preview":"max-video-preview:-1"},"canonical":"https:\/\/matthiaskamann.com\/sv\/kontakt\/","og_locale":"sv_SE","og_type":"article","og_title":"Kontakt - Matthias Kamann","og_description":"E-post: &#x68;&#x65;&#x6c;&#108;&#111;&#64;ma&#x74;&#x74;&#x68;&#x69;&#97;&#115;ka&#x6d;&#x61;&#x6e;&#x6e;&#46;&#99;omeller via kontaktformul\u00e4ret l\u00e4ngre ner Telefon: Skicka g\u00e4rna ett sms eller l\u00e4mna ett voicemail om jag inte kan svara+46 (0)768 127 551 Adress:Matthias KamannTyras v\u00e4g 7291 66 Kristianstad","og_url":"https:\/\/matthiaskamann.com\/sv\/kontakt\/","og_site_name":"Matthias Kamann","article_modified_time":"2025-09-05T14:24:18+00:00","og_image":[{"width":512,"height":512,"url":"https:\/\/matthiaskamann.com\/wp-content\/uploads\/2023\/03\/cropped-Matthias-Kamann-Logo-2023-230308-1-sq.png","type":"image\/png"}],"twitter_card":"summary_large_image","twitter_site":"@matthiaskamann","twitter_misc":{"Ber\u00e4knad l\u00e4stid":"1 minute"},"schema":{"@context":"https:\/\/schema.org","@graph":[{"@type":"WebPage","@id":"https:\/\/matthiaskamann.com\/sv\/kontakt\/","url":"https:\/\/matthiaskamann.com\/sv\/kontakt\/","name":"Kontakt - Matthias Kamann","isPartOf":{"@id":"https:\/\/matthiaskamann.com\/sv\/#website"},"datePublished":"2022-02-07T16:35:43+00:00","dateModified":"2025-09-05T14:24:18+00:00","breadcrumb":{"@id":"https:\/\/matthiaskamann.com\/sv\/kontakt\/#breadcrumb"},"inLanguage":"sv-SE","potentialAction":[{"@type":"ReadAction","target":["https:\/\/matthiaskamann.com\/sv\/kontakt\/"]}]},{"@type":"BreadcrumbList","@id":"https:\/\/matthiaskamann.com\/sv\/kontakt\/#breadcrumb","itemListElement":[{"@type":"ListItem","position":1,"name":"Home","item":"https:\/\/matthiaskamann.com\/sv\/"},{"@type":"ListItem","position":2,"name":"Kontakt"}]},{"@type":"WebSite","@id":"https:\/\/matthiaskamann.com\/sv\/#website","url":"https:\/\/matthiaskamann.com\/sv\/","name":"Matthias Kamann","description":"Author, Blogger &amp; Professional &quot;New-Swede&quot;","publisher":{"@id":"https:\/\/matthiaskamann.com\/sv\/#\/schema\/person\/e8b29813fd9acaa289169dbfe2cdbc51"},"potentialAction":[{"@type":"SearchAction","target":{"@type":"EntryPoint","urlTemplate":"https:\/\/matthiaskamann.com\/sv\/?s={search_term_string}"},"query-input":{"@type":"PropertyValueSpecification","valueRequired":true,"valueName":"search_term_string"}}],"inLanguage":"sv-SE"},{"@type":["Person","Organization"],"@id":"https:\/\/matthiaskamann.com\/sv\/#\/schema\/person\/e8b29813fd9acaa289169dbfe2cdbc51","name":"Matthias Kamann","image":{"@type":"ImageObject","inLanguage":"sv-SE","@id":"https:\/\/matthiaskamann.com\/wp-content\/uploads\/2023\/03\/cropped-Matthias-Kamann-Logo-2023-230308-1-sq.png","url":"https:\/\/matthiaskamann.com\/wp-content\/uploads\/2023\/03\/cropped-Matthias-Kamann-Logo-2023-230308-1-sq.png","contentUrl":"https:\/\/matthiaskamann.com\/wp-content\/uploads\/2023\/03\/cropped-Matthias-Kamann-Logo-2023-230308-1-sq.png","width":512,"height":512,"caption":"Matthias Kamann"},"logo":{"@id":"https:\/\/matthiaskamann.com\/wp-content\/uploads\/2023\/03\/cropped-Matthias-Kamann-Logo-2023-230308-1-sq.png"},"description":"Matthias is an author, designer and professional new-Swede living in the South of Sweden. He explores the country, looking for the most beautiful locations and exciting experiences. In his books depicts and explains the quirks of Swedish culture. Matthias' design work is inspired by the simplicity of Scandinavian lifestyle and idyllic nature, influenced by his love for Sweden, spiced with a pinch of (sometimes silly) sense of humour.","sameAs":["https:\/\/matthiaskamann.com","https:\/\/www.instagram.com\/matthiaskamann\/","https:\/\/x.com\/matthiaskamann"]}]}},"_links":{"self":[{"href":"https:\/\/matthiaskamann.com\/sv\/wp-json\/wp\/v2\/pages\/1144","targetHints":{"allow":["GET"]}}],"collection":[{"href":"https:\/\/matthiaskamann.com\/sv\/wp-json\/wp\/v2\/pages"}],"about":[{"href":"https:\/\/matthiaskamann.com\/sv\/wp-json\/wp\/v2\/types\/page"}],"author":[{"embeddable":true,"href":"https:\/\/matthiaskamann.com\/sv\/wp-json\/wp\/v2\/users\/2"}],"replies":[{"embeddable":true,"href":"https:\/\/matthiaskamann.com\/sv\/wp-json\/wp\/v2\/comments?post=1144"}],"version-history":[{"count":0,"href":"https:\/\/matthiaskamann.com\/sv\/wp-json\/wp\/v2\/pages\/1144\/revisions"}],"wp:attachment":[{"href":"https:\/\/matthiaskamann.com\/sv\/wp-json\/wp\/v2\/media?parent=1144"}],"curies":[{"name":"wp","href":"https:\/\/api.w.org\/{rel}","templated":true}]}}