{"id":1150,"date":"2022-09-20T10:14:54","date_gmt":"2022-09-20T09:14:54","guid":{"rendered":"https:\/\/matthiaskamann.com\/?page_id=1150"},"modified":"2025-08-21T09:58:19","modified_gmt":"2025-08-21T08:58:19","slug":"om-matthias","status":"publish","type":"page","link":"https:\/\/matthiaskamann.com\/sv\/om-matthias\/","title":{"rendered":"Om Matthias"},"content":{"rendered":"<div class=\"wp-block-image\">\n<figure class=\"aligncenter size-thumbnail\"><img loading=\"lazy\" decoding=\"async\" width=\"150\" height=\"150\" src=\"https:\/\/matthiaskamann.com\/wp-content\/uploads\/2022\/11\/Matthias-Kamann-profile-image-gradient-3-150x150.png\" alt=\"Matthias Kamann\" class=\"wp-image-1229\" srcset=\"https:\/\/matthiaskamann.com\/wp-content\/uploads\/2022\/11\/Matthias-Kamann-profile-image-gradient-3-150x150.png 150w, https:\/\/matthiaskamann.com\/wp-content\/uploads\/2022\/11\/Matthias-Kamann-profile-image-gradient-3-300x300.png 300w, https:\/\/matthiaskamann.com\/wp-content\/uploads\/2022\/11\/Matthias-Kamann-profile-image-gradient-3-100x100.png 100w, https:\/\/matthiaskamann.com\/wp-content\/uploads\/2022\/11\/Matthias-Kamann-profile-image-gradient-3-600x599.png 600w, https:\/\/matthiaskamann.com\/wp-content\/uploads\/2022\/11\/Matthias-Kamann-profile-image-gradient-3-768x767.png 768w, https:\/\/matthiaskamann.com\/wp-content\/uploads\/2022\/11\/Matthias-Kamann-profile-image-gradient-3.png 822w\" sizes=\"auto, (max-width: 150px) 100vw, 150px\" \/><\/figure>\n<\/div>\n\n\n<p>&#8220;Mycket skog, en massa Volvos och blonda m\u00e4nniskor \u00f6verallt.&#8221; Det var mina f\u00f6rsta intryck av ett land d\u00e4r jag egentligen bara ville tillbringa en utbytestermin. Men en termin har sedan dess blivit mer \u00e4n 10 \u00e5r &#8211; och idag \u00e4r jag vid en punkt d\u00e4r jag kallar Sverige f\u00f6r mitt nya hemland.<\/p>\n\n\n\n<p>Efter studier i f\u00f6retagsekonomi och marknadsf\u00f6ring i V\u00e4xj\u00f6 fick jag m\u00f6jligheten att bo i olika st\u00e4der runtom i Sverige, som t.ex. Ume\u00e5, Stockholm och Uppsala. Idag \u00e4r jag bosatt i Kristianstad. H\u00e4r skapar jag mediainneh\u00e5ll och produkter som kretsar kring temat <em>Sverige<\/em> och min k\u00e4rlek till det h\u00e4r vackra landet. <\/p>\n\n\n\n<p>I boken <em>How to be Swedish<\/em> vill jag introducera dig till den svenska kulturens egenheter s\u00e5 att du kan undvika dess fallgropar och integrera dig i den svenska kulturen utan att s\u00e4tta foten i munnen s\u00e5 ofta som jag gjorde. Det h\u00e4r \u00e4r boken som jag \u00f6nskar att jag hade l\u00e4st innan jag kom till Sverige. Det \u00e4r en sammanfattning av vad man l\u00e4r sig n\u00e4r man har tillbringat mer \u00e4n ett decennium i detta underbara land.<\/p>\n\n\n\n<p>Mer om mig, p\u00e5 min <a href=\"http:\/\/hejsweden.com\/en\/about\" target=\"_blank\" rel=\"noreferrer noopener\">Sverige-blogg <em>Hej Sweden<\/em>, h\u00e4r<\/a><\/p>\n","protected":false},"excerpt":{"rendered":"<p>&#8220;Mycket skog, en massa Volvos och blonda m\u00e4nniskor \u00f6verallt.&#8221; Det var mina f\u00f6rsta intryck av ett land d\u00e4r jag egentligen bara ville tillbringa en utbytestermin. Men en termin har sedan dess blivit mer \u00e4n 10 \u00e5r &#8211; och idag \u00e4r jag vid en punkt d\u00e4r jag kallar Sverige f\u00f6r mitt nya hemland. Efter studier i &#8230; <\/p>\n<p class=\"read-more-container\"><a title=\"Om Matthias\" class=\"read-more button\" href=\"https:\/\/matthiaskamann.com\/sv\/om-matthias\/#more-1150\" aria-label=\"Read more about Om Matthias\">Read more<\/a><\/p>\n","protected":false},"author":2,"featured_media":0,"parent":0,"menu_order":2,"comment_status":"closed","ping_status":"closed","template":"","meta":{"generate_page_header":"","footnotes":""},"class_list":["post-1150","page","type-page","status-publish"],"yoast_head":"<!-- This site is optimized with the Yoast SEO plugin v27.5 - https:\/\/yoast.com\/product\/yoast-seo-wordpress\/ -->\n<title>Om Matthias - Matthias Kamann<\/title>\n<meta name=\"robots\" content=\"index, follow, max-snippet:-1, max-image-preview:large, max-video-preview:-1\" \/>\n<link rel=\"canonical\" href=\"https:\/\/matthiaskamann.com\/sv\/om-matthias\/\" \/>\n<meta property=\"og:locale\" content=\"sv_SE\" \/>\n<meta property=\"og:type\" content=\"article\" \/>\n<meta property=\"og:title\" content=\"Om Matthias - Matthias Kamann\" \/>\n<meta property=\"og:description\" content=\"&#8220;Mycket skog, en massa Volvos och blonda m\u00e4nniskor \u00f6verallt.&#8221; Det var mina f\u00f6rsta intryck av ett land d\u00e4r jag egentligen bara ville tillbringa en utbytestermin. Men en termin har sedan dess blivit mer \u00e4n 10 \u00e5r &#8211; och idag \u00e4r jag vid en punkt d\u00e4r jag kallar Sverige f\u00f6r mitt nya hemland. Efter studier i ... Read more\" \/>\n<meta property=\"og:url\" content=\"https:\/\/matthiaskamann.com\/sv\/om-matthias\/\" \/>\n<meta property=\"og:site_name\" content=\"Matthias Kamann\" \/>\n<meta property=\"article:modified_time\" content=\"2025-08-21T08:58:19+00:00\" \/>\n<meta property=\"og:image\" content=\"https:\/\/matthiaskamann.com\/wp-content\/uploads\/2022\/11\/Matthias-Kamann-profile-image-gradient-3.png\" \/>\n\t<meta property=\"og:image:width\" content=\"822\" \/>\n\t<meta property=\"og:image:height\" content=\"821\" \/>\n\t<meta property=\"og:image:type\" content=\"image\/png\" \/>\n<meta name=\"twitter:card\" content=\"summary_large_image\" \/>\n<meta name=\"twitter:site\" content=\"@matthiaskamann\" \/>\n<meta name=\"twitter:label1\" content=\"Ber\u00e4knad l\u00e4stid\" \/>\n\t<meta name=\"twitter:data1\" content=\"2 minutes\" \/>\n<script type=\"application\/ld+json\" class=\"yoast-schema-graph\">{\"@context\":\"https:\\\/\\\/schema.org\",\"@graph\":[{\"@type\":\"WebPage\",\"@id\":\"https:\\\/\\\/matthiaskamann.com\\\/sv\\\/om-matthias\\\/\",\"url\":\"https:\\\/\\\/matthiaskamann.com\\\/sv\\\/om-matthias\\\/\",\"name\":\"Om Matthias - Matthias Kamann\",\"isPartOf\":{\"@id\":\"https:\\\/\\\/matthiaskamann.com\\\/sv\\\/#website\"},\"primaryImageOfPage\":{\"@id\":\"https:\\\/\\\/matthiaskamann.com\\\/sv\\\/om-matthias\\\/#primaryimage\"},\"image\":{\"@id\":\"https:\\\/\\\/matthiaskamann.com\\\/sv\\\/om-matthias\\\/#primaryimage\"},\"thumbnailUrl\":\"https:\\\/\\\/matthiaskamann.com\\\/wp-content\\\/uploads\\\/2022\\\/11\\\/Matthias-Kamann-profile-image-gradient-3-150x150.png\",\"datePublished\":\"2022-09-20T09:14:54+00:00\",\"dateModified\":\"2025-08-21T08:58:19+00:00\",\"breadcrumb\":{\"@id\":\"https:\\\/\\\/matthiaskamann.com\\\/sv\\\/om-matthias\\\/#breadcrumb\"},\"inLanguage\":\"sv-SE\",\"potentialAction\":[{\"@type\":\"ReadAction\",\"target\":[\"https:\\\/\\\/matthiaskamann.com\\\/sv\\\/om-matthias\\\/\"]}]},{\"@type\":\"ImageObject\",\"inLanguage\":\"sv-SE\",\"@id\":\"https:\\\/\\\/matthiaskamann.com\\\/sv\\\/om-matthias\\\/#primaryimage\",\"url\":\"https:\\\/\\\/matthiaskamann.com\\\/wp-content\\\/uploads\\\/2022\\\/11\\\/Matthias-Kamann-profile-image-gradient-3-150x150.png\",\"contentUrl\":\"https:\\\/\\\/matthiaskamann.com\\\/wp-content\\\/uploads\\\/2022\\\/11\\\/Matthias-Kamann-profile-image-gradient-3-150x150.png\"},{\"@type\":\"BreadcrumbList\",\"@id\":\"https:\\\/\\\/matthiaskamann.com\\\/sv\\\/om-matthias\\\/#breadcrumb\",\"itemListElement\":[{\"@type\":\"ListItem\",\"position\":1,\"name\":\"Home\",\"item\":\"https:\\\/\\\/matthiaskamann.com\\\/sv\\\/\"},{\"@type\":\"ListItem\",\"position\":2,\"name\":\"Om Matthias\"}]},{\"@type\":\"WebSite\",\"@id\":\"https:\\\/\\\/matthiaskamann.com\\\/sv\\\/#website\",\"url\":\"https:\\\/\\\/matthiaskamann.com\\\/sv\\\/\",\"name\":\"Matthias Kamann\",\"description\":\"Author, Blogger &amp; Professional &quot;New-Swede&quot;\",\"publisher\":{\"@id\":\"https:\\\/\\\/matthiaskamann.com\\\/sv\\\/#\\\/schema\\\/person\\\/e8b29813fd9acaa289169dbfe2cdbc51\"},\"potentialAction\":[{\"@type\":\"SearchAction\",\"target\":{\"@type\":\"EntryPoint\",\"urlTemplate\":\"https:\\\/\\\/matthiaskamann.com\\\/sv\\\/?s={search_term_string}\"},\"query-input\":{\"@type\":\"PropertyValueSpecification\",\"valueRequired\":true,\"valueName\":\"search_term_string\"}}],\"inLanguage\":\"sv-SE\"},{\"@type\":[\"Person\",\"Organization\"],\"@id\":\"https:\\\/\\\/matthiaskamann.com\\\/sv\\\/#\\\/schema\\\/person\\\/e8b29813fd9acaa289169dbfe2cdbc51\",\"name\":\"Matthias Kamann\",\"image\":{\"@type\":\"ImageObject\",\"inLanguage\":\"sv-SE\",\"@id\":\"https:\\\/\\\/matthiaskamann.com\\\/wp-content\\\/uploads\\\/2023\\\/03\\\/cropped-Matthias-Kamann-Logo-2023-230308-1-sq.png\",\"url\":\"https:\\\/\\\/matthiaskamann.com\\\/wp-content\\\/uploads\\\/2023\\\/03\\\/cropped-Matthias-Kamann-Logo-2023-230308-1-sq.png\",\"contentUrl\":\"https:\\\/\\\/matthiaskamann.com\\\/wp-content\\\/uploads\\\/2023\\\/03\\\/cropped-Matthias-Kamann-Logo-2023-230308-1-sq.png\",\"width\":512,\"height\":512,\"caption\":\"Matthias Kamann\"},\"logo\":{\"@id\":\"https:\\\/\\\/matthiaskamann.com\\\/wp-content\\\/uploads\\\/2023\\\/03\\\/cropped-Matthias-Kamann-Logo-2023-230308-1-sq.png\"},\"description\":\"Matthias is an author, designer and professional new-Swede living in the South of Sweden. He explores the country, looking for the most beautiful locations and exciting experiences. In his books depicts and explains the quirks of Swedish culture. Matthias' design work is inspired by the simplicity of Scandinavian lifestyle and idyllic nature, influenced by his love for Sweden, spiced with a pinch of (sometimes silly) sense of humour.\",\"sameAs\":[\"https:\\\/\\\/matthiaskamann.com\",\"https:\\\/\\\/www.instagram.com\\\/matthiaskamann\\\/\",\"https:\\\/\\\/x.com\\\/matthiaskamann\"]}]}<\/script>\n<!-- \/ Yoast SEO plugin. -->","yoast_head_json":{"title":"Om Matthias - Matthias Kamann","robots":{"index":"index","follow":"follow","max-snippet":"max-snippet:-1","max-image-preview":"max-image-preview:large","max-video-preview":"max-video-preview:-1"},"canonical":"https:\/\/matthiaskamann.com\/sv\/om-matthias\/","og_locale":"sv_SE","og_type":"article","og_title":"Om Matthias - Matthias Kamann","og_description":"&#8220;Mycket skog, en massa Volvos och blonda m\u00e4nniskor \u00f6verallt.&#8221; Det var mina f\u00f6rsta intryck av ett land d\u00e4r jag egentligen bara ville tillbringa en utbytestermin. Men en termin har sedan dess blivit mer \u00e4n 10 \u00e5r &#8211; och idag \u00e4r jag vid en punkt d\u00e4r jag kallar Sverige f\u00f6r mitt nya hemland. Efter studier i ... Read more","og_url":"https:\/\/matthiaskamann.com\/sv\/om-matthias\/","og_site_name":"Matthias Kamann","article_modified_time":"2025-08-21T08:58:19+00:00","og_image":[{"width":822,"height":821,"url":"https:\/\/matthiaskamann.com\/wp-content\/uploads\/2022\/11\/Matthias-Kamann-profile-image-gradient-3.png","type":"image\/png"}],"twitter_card":"summary_large_image","twitter_site":"@matthiaskamann","twitter_misc":{"Ber\u00e4knad l\u00e4stid":"2 minutes"},"schema":{"@context":"https:\/\/schema.org","@graph":[{"@type":"WebPage","@id":"https:\/\/matthiaskamann.com\/sv\/om-matthias\/","url":"https:\/\/matthiaskamann.com\/sv\/om-matthias\/","name":"Om Matthias - Matthias Kamann","isPartOf":{"@id":"https:\/\/matthiaskamann.com\/sv\/#website"},"primaryImageOfPage":{"@id":"https:\/\/matthiaskamann.com\/sv\/om-matthias\/#primaryimage"},"image":{"@id":"https:\/\/matthiaskamann.com\/sv\/om-matthias\/#primaryimage"},"thumbnailUrl":"https:\/\/matthiaskamann.com\/wp-content\/uploads\/2022\/11\/Matthias-Kamann-profile-image-gradient-3-150x150.png","datePublished":"2022-09-20T09:14:54+00:00","dateModified":"2025-08-21T08:58:19+00:00","breadcrumb":{"@id":"https:\/\/matthiaskamann.com\/sv\/om-matthias\/#breadcrumb"},"inLanguage":"sv-SE","potentialAction":[{"@type":"ReadAction","target":["https:\/\/matthiaskamann.com\/sv\/om-matthias\/"]}]},{"@type":"ImageObject","inLanguage":"sv-SE","@id":"https:\/\/matthiaskamann.com\/sv\/om-matthias\/#primaryimage","url":"https:\/\/matthiaskamann.com\/wp-content\/uploads\/2022\/11\/Matthias-Kamann-profile-image-gradient-3-150x150.png","contentUrl":"https:\/\/matthiaskamann.com\/wp-content\/uploads\/2022\/11\/Matthias-Kamann-profile-image-gradient-3-150x150.png"},{"@type":"BreadcrumbList","@id":"https:\/\/matthiaskamann.com\/sv\/om-matthias\/#breadcrumb","itemListElement":[{"@type":"ListItem","position":1,"name":"Home","item":"https:\/\/matthiaskamann.com\/sv\/"},{"@type":"ListItem","position":2,"name":"Om Matthias"}]},{"@type":"WebSite","@id":"https:\/\/matthiaskamann.com\/sv\/#website","url":"https:\/\/matthiaskamann.com\/sv\/","name":"Matthias Kamann","description":"Author, Blogger &amp; Professional &quot;New-Swede&quot;","publisher":{"@id":"https:\/\/matthiaskamann.com\/sv\/#\/schema\/person\/e8b29813fd9acaa289169dbfe2cdbc51"},"potentialAction":[{"@type":"SearchAction","target":{"@type":"EntryPoint","urlTemplate":"https:\/\/matthiaskamann.com\/sv\/?s={search_term_string}"},"query-input":{"@type":"PropertyValueSpecification","valueRequired":true,"valueName":"search_term_string"}}],"inLanguage":"sv-SE"},{"@type":["Person","Organization"],"@id":"https:\/\/matthiaskamann.com\/sv\/#\/schema\/person\/e8b29813fd9acaa289169dbfe2cdbc51","name":"Matthias Kamann","image":{"@type":"ImageObject","inLanguage":"sv-SE","@id":"https:\/\/matthiaskamann.com\/wp-content\/uploads\/2023\/03\/cropped-Matthias-Kamann-Logo-2023-230308-1-sq.png","url":"https:\/\/matthiaskamann.com\/wp-content\/uploads\/2023\/03\/cropped-Matthias-Kamann-Logo-2023-230308-1-sq.png","contentUrl":"https:\/\/matthiaskamann.com\/wp-content\/uploads\/2023\/03\/cropped-Matthias-Kamann-Logo-2023-230308-1-sq.png","width":512,"height":512,"caption":"Matthias Kamann"},"logo":{"@id":"https:\/\/matthiaskamann.com\/wp-content\/uploads\/2023\/03\/cropped-Matthias-Kamann-Logo-2023-230308-1-sq.png"},"description":"Matthias is an author, designer and professional new-Swede living in the South of Sweden. He explores the country, looking for the most beautiful locations and exciting experiences. In his books depicts and explains the quirks of Swedish culture. Matthias' design work is inspired by the simplicity of Scandinavian lifestyle and idyllic nature, influenced by his love for Sweden, spiced with a pinch of (sometimes silly) sense of humour.","sameAs":["https:\/\/matthiaskamann.com","https:\/\/www.instagram.com\/matthiaskamann\/","https:\/\/x.com\/matthiaskamann"]}]}},"_links":{"self":[{"href":"https:\/\/matthiaskamann.com\/sv\/wp-json\/wp\/v2\/pages\/1150","targetHints":{"allow":["GET"]}}],"collection":[{"href":"https:\/\/matthiaskamann.com\/sv\/wp-json\/wp\/v2\/pages"}],"about":[{"href":"https:\/\/matthiaskamann.com\/sv\/wp-json\/wp\/v2\/types\/page"}],"author":[{"embeddable":true,"href":"https:\/\/matthiaskamann.com\/sv\/wp-json\/wp\/v2\/users\/2"}],"replies":[{"embeddable":true,"href":"https:\/\/matthiaskamann.com\/sv\/wp-json\/wp\/v2\/comments?post=1150"}],"version-history":[{"count":0,"href":"https:\/\/matthiaskamann.com\/sv\/wp-json\/wp\/v2\/pages\/1150\/revisions"}],"wp:attachment":[{"href":"https:\/\/matthiaskamann.com\/sv\/wp-json\/wp\/v2\/media?parent=1150"}],"curies":[{"name":"wp","href":"https:\/\/api.w.org\/{rel}","templated":true}]}}