{"id":1195,"date":"2022-02-07T16:03:56","date_gmt":"2022-02-07T15:03:56","guid":{"rendered":"https:\/\/matthiaskamann.com\/?page_id=1195"},"modified":"2026-04-24T10:35:45","modified_gmt":"2026-04-24T09:35:45","slug":"bocker","status":"publish","type":"page","link":"https:\/\/matthiaskamann.com\/sv\/bocker\/","title":{"rendered":"B\u00f6cker"},"content":{"rendered":"\n<div class=\"wp-block-columns are-vertically-aligned-top is-layout-flex wp-container-core-columns-is-layout-9d6595d7 wp-block-columns-is-layout-flex\">\n<div class=\"wp-block-column is-vertically-aligned-top is-layout-flow wp-block-column-is-layout-flow\" style=\"flex-basis:50%\">\n<div class=\"wp-block-group is-vertical is-layout-flex wp-container-core-group-is-layout-bb0d6486 wp-block-group-is-layout-flex\">\n<h2 class=\"wp-block-heading\" id=\"how-to-be-swedish\">How to be Swedish<\/h2>\n\n\n\n<p>Rolig bok om svenskar och svensk kultur p\u00e5 engelska. <br><a href=\"https:\/\/matthiaskamann.com\/sv\/bok-om-sverige-pa-engelska-how-to-be-swedish\/\">Mer om <em>How to be Swedish<\/em>, h\u00e4r<\/a>.<\/p>\n\n\n\n<figure class=\"wp-block-image size-full is-resized\"><img loading=\"lazy\" decoding=\"async\" width=\"672\" height=\"920\" src=\"https:\/\/matthiaskamann.com\/wp-content\/uploads\/2022\/09\/HtbS-Book-image-3D.png\" alt=\"Book about Sweden - How to be Swedish\" class=\"wp-image-1086\" style=\"width:300px\" srcset=\"https:\/\/matthiaskamann.com\/wp-content\/uploads\/2022\/09\/HtbS-Book-image-3D.png 672w, https:\/\/matthiaskamann.com\/wp-content\/uploads\/2022\/09\/HtbS-Book-image-3D-600x821.png 600w, https:\/\/matthiaskamann.com\/wp-content\/uploads\/2022\/09\/HtbS-Book-image-3D-219x300.png 219w\" sizes=\"auto, (max-width: 672px) 100vw, 672px\" \/><\/figure>\n\n\n\n<p><br>Best\u00e4ll nu, p\u00e5 <br><a href=\"https:\/\/matthiaskamann.com\/howtobeswedish-book-amazon-com\" target=\"_blank\" rel=\"noreferrer noopener\">Amazon<\/a> | <a href=\"https:\/\/matthiaskamann.com\/adlibris-se-how-to-be-swedish\" target=\"_blank\" rel=\"noreferrer noopener\">Adlibris<\/a>\u00a0| <a href=\"https:\/\/matthiaskamann.com\/bokus-se-how-to-be-swedish\" target=\"_blank\" rel=\"noreferrer noopener\">Bokus<\/a> | <a href=\"https:\/\/www.kobo.com\/ebook\/how-to-be-swedish\" target=\"_blank\" rel=\"noreferrer noopener\">Kobo<\/a><br>eller p\u00e5 din lokala\u00a0<a href=\"https:\/\/matthiaskamann.com\/akademibokhandeln-se-how-to-be-swedish\" target=\"_blank\" rel=\"noreferrer noopener\">Akademibokhandeln<\/a><\/p>\n<\/div>\n<\/div>\n\n\n\n<div class=\"wp-block-column is-vertically-aligned-top is-layout-flow wp-block-column-is-layout-flow\" style=\"flex-basis:50%\">\n<h2 class=\"wp-block-heading\" id=\"schweden-fur-anfanger\">Schweden f\u00fcr Anf\u00e4nger<\/h2>\n\n\n\n<p>Den tyska utg\u00e5van av <em>How to be Swedish<\/em>. Rolig bok om svenskar och svensk kultur p\u00e5 tyska. <a href=\"https:\/\/matthiaskamann.com\/sv\/bok-om-sverige-pa-engelska-how-to-be-swedish\/\">Mer om boken, h\u00e4r<\/a>.<\/p>\n\n\n\n<figure class=\"wp-block-image size-large is-resized\"><img loading=\"lazy\" decoding=\"async\" width=\"748\" height=\"1024\" src=\"https:\/\/matthiaskamann.com\/wp-content\/uploads\/2022\/09\/180801-Schweden-fu\u0308r-Anfa\u0308nger-book-cover-3d-Buch-Umschlag-748x1024.png\" alt=\"Buch \u00fcber Schweden: Schweden f\u00fcr Anf\u00e4nger\" class=\"wp-image-1105\" style=\"width:300px\" srcset=\"https:\/\/matthiaskamann.com\/wp-content\/uploads\/2022\/09\/180801-Schweden-fu\u0308r-Anfa\u0308nger-book-cover-3d-Buch-Umschlag-748x1024.png 748w, https:\/\/matthiaskamann.com\/wp-content\/uploads\/2022\/09\/180801-Schweden-fu\u0308r-Anfa\u0308nger-book-cover-3d-Buch-Umschlag-600x822.png 600w, https:\/\/matthiaskamann.com\/wp-content\/uploads\/2022\/09\/180801-Schweden-fu\u0308r-Anfa\u0308nger-book-cover-3d-Buch-Umschlag-219x300.png 219w, https:\/\/matthiaskamann.com\/wp-content\/uploads\/2022\/09\/180801-Schweden-fu\u0308r-Anfa\u0308nger-book-cover-3d-Buch-Umschlag-768x1052.png 768w, https:\/\/matthiaskamann.com\/wp-content\/uploads\/2022\/09\/180801-Schweden-fu\u0308r-Anfa\u0308nger-book-cover-3d-Buch-Umschlag.png 1050w\" sizes=\"auto, (max-width: 748px) 100vw, 748px\" \/><\/figure>\n\n\n\n<p><br>Best\u00e4ll nu p\u00e5<br><a href=\"https:\/\/amzn.to\/3slojeY\" target=\"_blank\" rel=\"noreferrer noopener\">Amazon<\/a> | <a href=\"https:\/\/www.adlibris.com\/se\/bok\/schweden-fur-anfanger-wie-du-schwedisch-wirst---in-55-schritten-9789198379921\" target=\"_blank\" rel=\"noreferrer noopener\">Adlibris<\/a> | <a href=\"https:\/\/matthiaskamann.com\/bokus-se-schweden-fuer-anfaenger\" target=\"_blank\" rel=\"noreferrer noopener\">Bokus<\/a> <br>eller p\u00e5 din lokala <a href=\"https:\/\/www.akademibokhandeln.se\/bok\/schweden-fur-anfanger-wie-du-schwedisch-wirst-in-55-schritten\/9789198379921\/\" target=\"_blank\" rel=\"noreferrer noopener\">Akademibokhandeln<\/a><\/p>\n<\/div>\n<\/div>\n\n\n\n<div class=\"wp-block-group is-vertical is-layout-flex wp-container-core-group-is-layout-8cf370e7 wp-block-group-is-layout-flex\">\n<h2 class=\"wp-block-heading\" id=\"schweden-fur-anfanger\"><\/h2>\n<\/div>\n\n\n\n<p><\/p>\n","protected":false},"excerpt":{"rendered":"<p>How to be Swedish Rolig bok om svenskar och svensk kultur p\u00e5 engelska. Mer om How to be Swedish, h\u00e4r. Best\u00e4ll nu, p\u00e5 Amazon | Adlibris\u00a0| Bokus | Koboeller p\u00e5 din lokala\u00a0Akademibokhandeln Schweden f\u00fcr Anf\u00e4nger Den tyska utg\u00e5van av How to be Swedish. Rolig bok om svenskar och svensk kultur p\u00e5 tyska. Mer om boken, &#8230; <\/p>\n<p class=\"read-more-container\"><a title=\"B\u00f6cker\" class=\"read-more button\" href=\"https:\/\/matthiaskamann.com\/sv\/bocker\/#more-1195\" aria-label=\"Read more about B\u00f6cker\">Read more<\/a><\/p>\n","protected":false},"author":2,"featured_media":0,"parent":0,"menu_order":0,"comment_status":"closed","ping_status":"closed","template":"","meta":{"generate_page_header":"","footnotes":""},"class_list":["post-1195","page","type-page","status-publish"],"yoast_head":"<!-- This site is optimized with the Yoast SEO plugin v27.5 - https:\/\/yoast.com\/product\/yoast-seo-wordpress\/ -->\n<title>B\u00f6cker - Matthias Kamann<\/title>\n<meta name=\"robots\" content=\"index, follow, max-snippet:-1, max-image-preview:large, max-video-preview:-1\" \/>\n<link rel=\"canonical\" href=\"https:\/\/matthiaskamann.com\/sv\/bocker\/\" \/>\n<meta property=\"og:locale\" content=\"sv_SE\" \/>\n<meta property=\"og:type\" content=\"article\" \/>\n<meta property=\"og:title\" content=\"B\u00f6cker - Matthias Kamann\" \/>\n<meta property=\"og:description\" content=\"How to be Swedish Rolig bok om svenskar och svensk kultur p\u00e5 engelska. Mer om How to be Swedish, h\u00e4r. Best\u00e4ll nu, p\u00e5 Amazon | Adlibris\u00a0| Bokus | Koboeller p\u00e5 din lokala\u00a0Akademibokhandeln Schweden f\u00fcr Anf\u00e4nger Den tyska utg\u00e5van av How to be Swedish. Rolig bok om svenskar och svensk kultur p\u00e5 tyska. Mer om boken, ... Read more\" \/>\n<meta property=\"og:url\" content=\"https:\/\/matthiaskamann.com\/sv\/bocker\/\" \/>\n<meta property=\"og:site_name\" content=\"Matthias Kamann\" \/>\n<meta property=\"article:modified_time\" content=\"2026-04-24T09:35:45+00:00\" \/>\n<meta property=\"og:image\" content=\"https:\/\/matthiaskamann.com\/wp-content\/uploads\/2022\/09\/HtbS-Book-image-3D.png\" \/>\n\t<meta property=\"og:image:width\" content=\"672\" \/>\n\t<meta property=\"og:image:height\" content=\"920\" \/>\n\t<meta property=\"og:image:type\" content=\"image\/png\" \/>\n<meta name=\"twitter:card\" content=\"summary_large_image\" \/>\n<meta name=\"twitter:site\" content=\"@matthiaskamann\" \/>\n<meta name=\"twitter:label1\" content=\"Ber\u00e4knad l\u00e4stid\" \/>\n\t<meta name=\"twitter:data1\" content=\"1 minute\" \/>\n<script type=\"application\/ld+json\" class=\"yoast-schema-graph\">{\"@context\":\"https:\\\/\\\/schema.org\",\"@graph\":[{\"@type\":\"WebPage\",\"@id\":\"https:\\\/\\\/matthiaskamann.com\\\/sv\\\/bocker\\\/\",\"url\":\"https:\\\/\\\/matthiaskamann.com\\\/sv\\\/bocker\\\/\",\"name\":\"B\u00f6cker - Matthias Kamann\",\"isPartOf\":{\"@id\":\"https:\\\/\\\/matthiaskamann.com\\\/sv\\\/#website\"},\"primaryImageOfPage\":{\"@id\":\"https:\\\/\\\/matthiaskamann.com\\\/sv\\\/bocker\\\/#primaryimage\"},\"image\":{\"@id\":\"https:\\\/\\\/matthiaskamann.com\\\/sv\\\/bocker\\\/#primaryimage\"},\"thumbnailUrl\":\"https:\\\/\\\/matthiaskamann.com\\\/wp-content\\\/uploads\\\/2022\\\/09\\\/HtbS-Book-image-3D.png\",\"datePublished\":\"2022-02-07T15:03:56+00:00\",\"dateModified\":\"2026-04-24T09:35:45+00:00\",\"breadcrumb\":{\"@id\":\"https:\\\/\\\/matthiaskamann.com\\\/sv\\\/bocker\\\/#breadcrumb\"},\"inLanguage\":\"sv-SE\",\"potentialAction\":[{\"@type\":\"ReadAction\",\"target\":[\"https:\\\/\\\/matthiaskamann.com\\\/sv\\\/bocker\\\/\"]}]},{\"@type\":\"ImageObject\",\"inLanguage\":\"sv-SE\",\"@id\":\"https:\\\/\\\/matthiaskamann.com\\\/sv\\\/bocker\\\/#primaryimage\",\"url\":\"https:\\\/\\\/matthiaskamann.com\\\/wp-content\\\/uploads\\\/2022\\\/09\\\/HtbS-Book-image-3D.png\",\"contentUrl\":\"https:\\\/\\\/matthiaskamann.com\\\/wp-content\\\/uploads\\\/2022\\\/09\\\/HtbS-Book-image-3D.png\"},{\"@type\":\"BreadcrumbList\",\"@id\":\"https:\\\/\\\/matthiaskamann.com\\\/sv\\\/bocker\\\/#breadcrumb\",\"itemListElement\":[{\"@type\":\"ListItem\",\"position\":1,\"name\":\"Home\",\"item\":\"https:\\\/\\\/matthiaskamann.com\\\/sv\\\/\"},{\"@type\":\"ListItem\",\"position\":2,\"name\":\"B\u00f6cker\"}]},{\"@type\":\"WebSite\",\"@id\":\"https:\\\/\\\/matthiaskamann.com\\\/sv\\\/#website\",\"url\":\"https:\\\/\\\/matthiaskamann.com\\\/sv\\\/\",\"name\":\"Matthias Kamann\",\"description\":\"Author, Blogger &amp; Professional &quot;New-Swede&quot;\",\"publisher\":{\"@id\":\"https:\\\/\\\/matthiaskamann.com\\\/sv\\\/#\\\/schema\\\/person\\\/e8b29813fd9acaa289169dbfe2cdbc51\"},\"potentialAction\":[{\"@type\":\"SearchAction\",\"target\":{\"@type\":\"EntryPoint\",\"urlTemplate\":\"https:\\\/\\\/matthiaskamann.com\\\/sv\\\/?s={search_term_string}\"},\"query-input\":{\"@type\":\"PropertyValueSpecification\",\"valueRequired\":true,\"valueName\":\"search_term_string\"}}],\"inLanguage\":\"sv-SE\"},{\"@type\":[\"Person\",\"Organization\"],\"@id\":\"https:\\\/\\\/matthiaskamann.com\\\/sv\\\/#\\\/schema\\\/person\\\/e8b29813fd9acaa289169dbfe2cdbc51\",\"name\":\"Matthias Kamann\",\"image\":{\"@type\":\"ImageObject\",\"inLanguage\":\"sv-SE\",\"@id\":\"https:\\\/\\\/matthiaskamann.com\\\/wp-content\\\/uploads\\\/2023\\\/03\\\/cropped-Matthias-Kamann-Logo-2023-230308-1-sq.png\",\"url\":\"https:\\\/\\\/matthiaskamann.com\\\/wp-content\\\/uploads\\\/2023\\\/03\\\/cropped-Matthias-Kamann-Logo-2023-230308-1-sq.png\",\"contentUrl\":\"https:\\\/\\\/matthiaskamann.com\\\/wp-content\\\/uploads\\\/2023\\\/03\\\/cropped-Matthias-Kamann-Logo-2023-230308-1-sq.png\",\"width\":512,\"height\":512,\"caption\":\"Matthias Kamann\"},\"logo\":{\"@id\":\"https:\\\/\\\/matthiaskamann.com\\\/wp-content\\\/uploads\\\/2023\\\/03\\\/cropped-Matthias-Kamann-Logo-2023-230308-1-sq.png\"},\"description\":\"Matthias is an author, designer and professional new-Swede living in the South of Sweden. He explores the country, looking for the most beautiful locations and exciting experiences. In his books depicts and explains the quirks of Swedish culture. Matthias' design work is inspired by the simplicity of Scandinavian lifestyle and idyllic nature, influenced by his love for Sweden, spiced with a pinch of (sometimes silly) sense of humour.\",\"sameAs\":[\"https:\\\/\\\/matthiaskamann.com\",\"https:\\\/\\\/www.instagram.com\\\/matthiaskamann\\\/\",\"https:\\\/\\\/x.com\\\/matthiaskamann\"]}]}<\/script>\n<!-- \/ Yoast SEO plugin. -->","yoast_head_json":{"title":"B\u00f6cker - Matthias Kamann","robots":{"index":"index","follow":"follow","max-snippet":"max-snippet:-1","max-image-preview":"max-image-preview:large","max-video-preview":"max-video-preview:-1"},"canonical":"https:\/\/matthiaskamann.com\/sv\/bocker\/","og_locale":"sv_SE","og_type":"article","og_title":"B\u00f6cker - Matthias Kamann","og_description":"How to be Swedish Rolig bok om svenskar och svensk kultur p\u00e5 engelska. Mer om How to be Swedish, h\u00e4r. Best\u00e4ll nu, p\u00e5 Amazon | Adlibris\u00a0| Bokus | Koboeller p\u00e5 din lokala\u00a0Akademibokhandeln Schweden f\u00fcr Anf\u00e4nger Den tyska utg\u00e5van av How to be Swedish. Rolig bok om svenskar och svensk kultur p\u00e5 tyska. Mer om boken, ... Read more","og_url":"https:\/\/matthiaskamann.com\/sv\/bocker\/","og_site_name":"Matthias Kamann","article_modified_time":"2026-04-24T09:35:45+00:00","og_image":[{"width":672,"height":920,"url":"https:\/\/matthiaskamann.com\/wp-content\/uploads\/2022\/09\/HtbS-Book-image-3D.png","type":"image\/png"}],"twitter_card":"summary_large_image","twitter_site":"@matthiaskamann","twitter_misc":{"Ber\u00e4knad l\u00e4stid":"1 minute"},"schema":{"@context":"https:\/\/schema.org","@graph":[{"@type":"WebPage","@id":"https:\/\/matthiaskamann.com\/sv\/bocker\/","url":"https:\/\/matthiaskamann.com\/sv\/bocker\/","name":"B\u00f6cker - Matthias Kamann","isPartOf":{"@id":"https:\/\/matthiaskamann.com\/sv\/#website"},"primaryImageOfPage":{"@id":"https:\/\/matthiaskamann.com\/sv\/bocker\/#primaryimage"},"image":{"@id":"https:\/\/matthiaskamann.com\/sv\/bocker\/#primaryimage"},"thumbnailUrl":"https:\/\/matthiaskamann.com\/wp-content\/uploads\/2022\/09\/HtbS-Book-image-3D.png","datePublished":"2022-02-07T15:03:56+00:00","dateModified":"2026-04-24T09:35:45+00:00","breadcrumb":{"@id":"https:\/\/matthiaskamann.com\/sv\/bocker\/#breadcrumb"},"inLanguage":"sv-SE","potentialAction":[{"@type":"ReadAction","target":["https:\/\/matthiaskamann.com\/sv\/bocker\/"]}]},{"@type":"ImageObject","inLanguage":"sv-SE","@id":"https:\/\/matthiaskamann.com\/sv\/bocker\/#primaryimage","url":"https:\/\/matthiaskamann.com\/wp-content\/uploads\/2022\/09\/HtbS-Book-image-3D.png","contentUrl":"https:\/\/matthiaskamann.com\/wp-content\/uploads\/2022\/09\/HtbS-Book-image-3D.png"},{"@type":"BreadcrumbList","@id":"https:\/\/matthiaskamann.com\/sv\/bocker\/#breadcrumb","itemListElement":[{"@type":"ListItem","position":1,"name":"Home","item":"https:\/\/matthiaskamann.com\/sv\/"},{"@type":"ListItem","position":2,"name":"B\u00f6cker"}]},{"@type":"WebSite","@id":"https:\/\/matthiaskamann.com\/sv\/#website","url":"https:\/\/matthiaskamann.com\/sv\/","name":"Matthias Kamann","description":"Author, Blogger &amp; Professional &quot;New-Swede&quot;","publisher":{"@id":"https:\/\/matthiaskamann.com\/sv\/#\/schema\/person\/e8b29813fd9acaa289169dbfe2cdbc51"},"potentialAction":[{"@type":"SearchAction","target":{"@type":"EntryPoint","urlTemplate":"https:\/\/matthiaskamann.com\/sv\/?s={search_term_string}"},"query-input":{"@type":"PropertyValueSpecification","valueRequired":true,"valueName":"search_term_string"}}],"inLanguage":"sv-SE"},{"@type":["Person","Organization"],"@id":"https:\/\/matthiaskamann.com\/sv\/#\/schema\/person\/e8b29813fd9acaa289169dbfe2cdbc51","name":"Matthias Kamann","image":{"@type":"ImageObject","inLanguage":"sv-SE","@id":"https:\/\/matthiaskamann.com\/wp-content\/uploads\/2023\/03\/cropped-Matthias-Kamann-Logo-2023-230308-1-sq.png","url":"https:\/\/matthiaskamann.com\/wp-content\/uploads\/2023\/03\/cropped-Matthias-Kamann-Logo-2023-230308-1-sq.png","contentUrl":"https:\/\/matthiaskamann.com\/wp-content\/uploads\/2023\/03\/cropped-Matthias-Kamann-Logo-2023-230308-1-sq.png","width":512,"height":512,"caption":"Matthias Kamann"},"logo":{"@id":"https:\/\/matthiaskamann.com\/wp-content\/uploads\/2023\/03\/cropped-Matthias-Kamann-Logo-2023-230308-1-sq.png"},"description":"Matthias is an author, designer and professional new-Swede living in the South of Sweden. He explores the country, looking for the most beautiful locations and exciting experiences. In his books depicts and explains the quirks of Swedish culture. Matthias' design work is inspired by the simplicity of Scandinavian lifestyle and idyllic nature, influenced by his love for Sweden, spiced with a pinch of (sometimes silly) sense of humour.","sameAs":["https:\/\/matthiaskamann.com","https:\/\/www.instagram.com\/matthiaskamann\/","https:\/\/x.com\/matthiaskamann"]}]}},"_links":{"self":[{"href":"https:\/\/matthiaskamann.com\/sv\/wp-json\/wp\/v2\/pages\/1195","targetHints":{"allow":["GET"]}}],"collection":[{"href":"https:\/\/matthiaskamann.com\/sv\/wp-json\/wp\/v2\/pages"}],"about":[{"href":"https:\/\/matthiaskamann.com\/sv\/wp-json\/wp\/v2\/types\/page"}],"author":[{"embeddable":true,"href":"https:\/\/matthiaskamann.com\/sv\/wp-json\/wp\/v2\/users\/2"}],"replies":[{"embeddable":true,"href":"https:\/\/matthiaskamann.com\/sv\/wp-json\/wp\/v2\/comments?post=1195"}],"version-history":[{"count":3,"href":"https:\/\/matthiaskamann.com\/sv\/wp-json\/wp\/v2\/pages\/1195\/revisions"}],"predecessor-version":[{"id":1905,"href":"https:\/\/matthiaskamann.com\/sv\/wp-json\/wp\/v2\/pages\/1195\/revisions\/1905"}],"wp:attachment":[{"href":"https:\/\/matthiaskamann.com\/sv\/wp-json\/wp\/v2\/media?parent=1195"}],"curies":[{"name":"wp","href":"https:\/\/api.w.org\/{rel}","templated":true}]}}