{"id":1199,"date":"2022-02-07T15:27:00","date_gmt":"2022-02-07T14:27:00","guid":{"rendered":"https:\/\/matthiaskamann.com\/?page_id=1199"},"modified":"2025-09-16T17:20:58","modified_gmt":"2025-09-16T16:20:58","slug":"webbsidor","status":"publish","type":"page","link":"https:\/\/matthiaskamann.com\/sv\/webbsidor\/","title":{"rendered":"Webbsidor"},"content":{"rendered":"\n<div class=\"wp-block-group is-nowrap is-layout-flex wp-container-core-group-is-layout-9123dee2 wp-block-group-is-layout-flex\">\n<figure class=\"wp-block-image size-full is-resized\"><img loading=\"lazy\" decoding=\"async\" width=\"428\" height=\"428\" src=\"https:\/\/matthiaskamann.com\/wp-content\/uploads\/2024\/08\/Hej-Sweden-Logo-2020-03-3-sq1.jpg\" alt=\"Hej Sweden logo\" class=\"wp-image-1478\" style=\"width:150px\" srcset=\"https:\/\/matthiaskamann.com\/wp-content\/uploads\/2024\/08\/Hej-Sweden-Logo-2020-03-3-sq1.jpg 428w, https:\/\/matthiaskamann.com\/wp-content\/uploads\/2024\/08\/Hej-Sweden-Logo-2020-03-3-sq1-300x300.jpg 300w, https:\/\/matthiaskamann.com\/wp-content\/uploads\/2024\/08\/Hej-Sweden-Logo-2020-03-3-sq1-100x100.jpg 100w, https:\/\/matthiaskamann.com\/wp-content\/uploads\/2024\/08\/Hej-Sweden-Logo-2020-03-3-sq1-150x150.jpg 150w\" sizes=\"auto, (max-width: 428px) 100vw, 428px\" \/><\/figure>\n\n\n\n<div class=\"wp-block-group\"><div class=\"wp-block-group__inner-container is-layout-constrained wp-block-group-is-layout-constrained\">\n<h2 class=\"wp-block-heading\" id=\"hej-sweden\">Hej Sweden<\/h2>\n\n\n\n<p>Blogg om Sverige, svensk kultur och tips f\u00f6r Sverige-bes\u00f6kare.<\/p>\n\n\n\n<p><a href=\"https:\/\/hejsweden.com\/en\/\" target=\"_blank\" rel=\"noreferrer noopener\">hejsweden.com<\/a><\/p>\n<\/div><\/div>\n<\/div>\n\n\n\n<hr class=\"wp-block-separator has-alpha-channel-opacity\"\/>\n\n\n\n<div class=\"wp-block-group is-nowrap is-layout-flex wp-container-core-group-is-layout-9123dee2 wp-block-group-is-layout-flex\">\n<figure class=\"wp-block-image size-full is-resized\"><img loading=\"lazy\" decoding=\"async\" width=\"581\" height=\"581\" src=\"https:\/\/matthiaskamann.com\/wp-content\/uploads\/2024\/08\/hausschweden-logo-w-nonet-sq2.jpg\" alt=\"Haus Schweden logo\" class=\"wp-image-1481\" style=\"width:150px\" srcset=\"https:\/\/matthiaskamann.com\/wp-content\/uploads\/2024\/08\/hausschweden-logo-w-nonet-sq2.jpg 581w, https:\/\/matthiaskamann.com\/wp-content\/uploads\/2024\/08\/hausschweden-logo-w-nonet-sq2-300x300.jpg 300w, https:\/\/matthiaskamann.com\/wp-content\/uploads\/2024\/08\/hausschweden-logo-w-nonet-sq2-100x100.jpg 100w, https:\/\/matthiaskamann.com\/wp-content\/uploads\/2024\/08\/hausschweden-logo-w-nonet-sq2-150x150.jpg 150w\" sizes=\"auto, (max-width: 581px) 100vw, 581px\" \/><\/figure>\n\n\n\n<div class=\"wp-block-group\"><div class=\"wp-block-group__inner-container is-layout-constrained wp-block-group-is-layout-constrained\">\n<h2 class=\"wp-block-heading\">Haus Schweden<\/h2>\n\n\n\n<p>Dels p\u00e5 tyska, om svenska stugor och husk\u00f6p i Sverige, och dels p\u00e5 svenska, om marknadsf\u00f6ring av fastigheter i Tyskland och annonsering p\u00e5 Tysklands st\u00f6rsta fastighetsportaler.<\/p>\n\n\n\n<p><a href=\"https:\/\/hausschweden.com\" target=\"_blank\" rel=\"noreferrer noopener\">hausschweden.com<\/a><\/p>\n<\/div><\/div>\n<\/div>\n","protected":false},"excerpt":{"rendered":"<p>Hej Sweden Blogg om Sverige, svensk kultur och tips f\u00f6r Sverige-bes\u00f6kare. hejsweden.com Haus Schweden Dels p\u00e5 tyska, om svenska stugor och husk\u00f6p i Sverige, och dels p\u00e5 svenska, om marknadsf\u00f6ring av fastigheter i Tyskland och annonsering p\u00e5 Tysklands st\u00f6rsta fastighetsportaler. hausschweden.com<\/p>\n","protected":false},"author":2,"featured_media":0,"parent":0,"menu_order":0,"comment_status":"closed","ping_status":"closed","template":"","meta":{"generate_page_header":"","footnotes":""},"class_list":["post-1199","page","type-page","status-publish"],"yoast_head":"<!-- This site is optimized with the Yoast SEO plugin v27.5 - https:\/\/yoast.com\/product\/yoast-seo-wordpress\/ -->\n<title>Webbsidor - Matthias Kamann<\/title>\n<meta name=\"robots\" content=\"index, follow, max-snippet:-1, max-image-preview:large, max-video-preview:-1\" \/>\n<link rel=\"canonical\" href=\"https:\/\/matthiaskamann.com\/sv\/webbsidor\/\" \/>\n<meta property=\"og:locale\" content=\"sv_SE\" \/>\n<meta property=\"og:type\" content=\"article\" \/>\n<meta property=\"og:title\" content=\"Webbsidor - Matthias Kamann\" \/>\n<meta property=\"og:description\" content=\"Hej Sweden Blogg om Sverige, svensk kultur och tips f\u00f6r Sverige-bes\u00f6kare. hejsweden.com Haus Schweden Dels p\u00e5 tyska, om svenska stugor och husk\u00f6p i Sverige, och dels p\u00e5 svenska, om marknadsf\u00f6ring av fastigheter i Tyskland och annonsering p\u00e5 Tysklands st\u00f6rsta fastighetsportaler. hausschweden.com\" \/>\n<meta property=\"og:url\" content=\"https:\/\/matthiaskamann.com\/sv\/webbsidor\/\" \/>\n<meta property=\"og:site_name\" content=\"Matthias Kamann\" \/>\n<meta property=\"article:modified_time\" content=\"2025-09-16T16:20:58+00:00\" \/>\n<meta property=\"og:image\" content=\"https:\/\/matthiaskamann.com\/wp-content\/uploads\/2024\/08\/Hej-Sweden-Logo-2020-03-3-sq1.jpg\" \/>\n\t<meta property=\"og:image:width\" content=\"428\" \/>\n\t<meta property=\"og:image:height\" content=\"428\" \/>\n\t<meta property=\"og:image:type\" content=\"image\/jpeg\" \/>\n<meta name=\"twitter:card\" content=\"summary_large_image\" \/>\n<meta name=\"twitter:site\" content=\"@matthiaskamann\" \/>\n<meta name=\"twitter:label1\" content=\"Ber\u00e4knad l\u00e4stid\" \/>\n\t<meta name=\"twitter:data1\" content=\"1 minute\" \/>\n<script type=\"application\/ld+json\" class=\"yoast-schema-graph\">{\"@context\":\"https:\\\/\\\/schema.org\",\"@graph\":[{\"@type\":\"WebPage\",\"@id\":\"https:\\\/\\\/matthiaskamann.com\\\/sv\\\/webbsidor\\\/\",\"url\":\"https:\\\/\\\/matthiaskamann.com\\\/sv\\\/webbsidor\\\/\",\"name\":\"Webbsidor - Matthias Kamann\",\"isPartOf\":{\"@id\":\"https:\\\/\\\/matthiaskamann.com\\\/sv\\\/#website\"},\"primaryImageOfPage\":{\"@id\":\"https:\\\/\\\/matthiaskamann.com\\\/sv\\\/webbsidor\\\/#primaryimage\"},\"image\":{\"@id\":\"https:\\\/\\\/matthiaskamann.com\\\/sv\\\/webbsidor\\\/#primaryimage\"},\"thumbnailUrl\":\"https:\\\/\\\/matthiaskamann.com\\\/wp-content\\\/uploads\\\/2024\\\/08\\\/Hej-Sweden-Logo-2020-03-3-sq1.jpg\",\"datePublished\":\"2022-02-07T14:27:00+00:00\",\"dateModified\":\"2025-09-16T16:20:58+00:00\",\"breadcrumb\":{\"@id\":\"https:\\\/\\\/matthiaskamann.com\\\/sv\\\/webbsidor\\\/#breadcrumb\"},\"inLanguage\":\"sv-SE\",\"potentialAction\":[{\"@type\":\"ReadAction\",\"target\":[\"https:\\\/\\\/matthiaskamann.com\\\/sv\\\/webbsidor\\\/\"]}]},{\"@type\":\"ImageObject\",\"inLanguage\":\"sv-SE\",\"@id\":\"https:\\\/\\\/matthiaskamann.com\\\/sv\\\/webbsidor\\\/#primaryimage\",\"url\":\"https:\\\/\\\/matthiaskamann.com\\\/wp-content\\\/uploads\\\/2024\\\/08\\\/Hej-Sweden-Logo-2020-03-3-sq1.jpg\",\"contentUrl\":\"https:\\\/\\\/matthiaskamann.com\\\/wp-content\\\/uploads\\\/2024\\\/08\\\/Hej-Sweden-Logo-2020-03-3-sq1.jpg\"},{\"@type\":\"BreadcrumbList\",\"@id\":\"https:\\\/\\\/matthiaskamann.com\\\/sv\\\/webbsidor\\\/#breadcrumb\",\"itemListElement\":[{\"@type\":\"ListItem\",\"position\":1,\"name\":\"Home\",\"item\":\"https:\\\/\\\/matthiaskamann.com\\\/sv\\\/\"},{\"@type\":\"ListItem\",\"position\":2,\"name\":\"Webbsidor\"}]},{\"@type\":\"WebSite\",\"@id\":\"https:\\\/\\\/matthiaskamann.com\\\/sv\\\/#website\",\"url\":\"https:\\\/\\\/matthiaskamann.com\\\/sv\\\/\",\"name\":\"Matthias Kamann\",\"description\":\"Author, Blogger &amp; Professional &quot;New-Swede&quot;\",\"publisher\":{\"@id\":\"https:\\\/\\\/matthiaskamann.com\\\/sv\\\/#\\\/schema\\\/person\\\/e8b29813fd9acaa289169dbfe2cdbc51\"},\"potentialAction\":[{\"@type\":\"SearchAction\",\"target\":{\"@type\":\"EntryPoint\",\"urlTemplate\":\"https:\\\/\\\/matthiaskamann.com\\\/sv\\\/?s={search_term_string}\"},\"query-input\":{\"@type\":\"PropertyValueSpecification\",\"valueRequired\":true,\"valueName\":\"search_term_string\"}}],\"inLanguage\":\"sv-SE\"},{\"@type\":[\"Person\",\"Organization\"],\"@id\":\"https:\\\/\\\/matthiaskamann.com\\\/sv\\\/#\\\/schema\\\/person\\\/e8b29813fd9acaa289169dbfe2cdbc51\",\"name\":\"Matthias Kamann\",\"image\":{\"@type\":\"ImageObject\",\"inLanguage\":\"sv-SE\",\"@id\":\"https:\\\/\\\/matthiaskamann.com\\\/wp-content\\\/uploads\\\/2023\\\/03\\\/cropped-Matthias-Kamann-Logo-2023-230308-1-sq.png\",\"url\":\"https:\\\/\\\/matthiaskamann.com\\\/wp-content\\\/uploads\\\/2023\\\/03\\\/cropped-Matthias-Kamann-Logo-2023-230308-1-sq.png\",\"contentUrl\":\"https:\\\/\\\/matthiaskamann.com\\\/wp-content\\\/uploads\\\/2023\\\/03\\\/cropped-Matthias-Kamann-Logo-2023-230308-1-sq.png\",\"width\":512,\"height\":512,\"caption\":\"Matthias Kamann\"},\"logo\":{\"@id\":\"https:\\\/\\\/matthiaskamann.com\\\/wp-content\\\/uploads\\\/2023\\\/03\\\/cropped-Matthias-Kamann-Logo-2023-230308-1-sq.png\"},\"description\":\"Matthias is an author, designer and professional new-Swede living in the South of Sweden. He explores the country, looking for the most beautiful locations and exciting experiences. In his books depicts and explains the quirks of Swedish culture. Matthias' design work is inspired by the simplicity of Scandinavian lifestyle and idyllic nature, influenced by his love for Sweden, spiced with a pinch of (sometimes silly) sense of humour.\",\"sameAs\":[\"https:\\\/\\\/matthiaskamann.com\",\"https:\\\/\\\/www.instagram.com\\\/matthiaskamann\\\/\",\"https:\\\/\\\/x.com\\\/matthiaskamann\"]}]}<\/script>\n<!-- \/ Yoast SEO plugin. -->","yoast_head_json":{"title":"Webbsidor - Matthias Kamann","robots":{"index":"index","follow":"follow","max-snippet":"max-snippet:-1","max-image-preview":"max-image-preview:large","max-video-preview":"max-video-preview:-1"},"canonical":"https:\/\/matthiaskamann.com\/sv\/webbsidor\/","og_locale":"sv_SE","og_type":"article","og_title":"Webbsidor - Matthias Kamann","og_description":"Hej Sweden Blogg om Sverige, svensk kultur och tips f\u00f6r Sverige-bes\u00f6kare. hejsweden.com Haus Schweden Dels p\u00e5 tyska, om svenska stugor och husk\u00f6p i Sverige, och dels p\u00e5 svenska, om marknadsf\u00f6ring av fastigheter i Tyskland och annonsering p\u00e5 Tysklands st\u00f6rsta fastighetsportaler. hausschweden.com","og_url":"https:\/\/matthiaskamann.com\/sv\/webbsidor\/","og_site_name":"Matthias Kamann","article_modified_time":"2025-09-16T16:20:58+00:00","og_image":[{"width":428,"height":428,"url":"https:\/\/matthiaskamann.com\/wp-content\/uploads\/2024\/08\/Hej-Sweden-Logo-2020-03-3-sq1.jpg","type":"image\/jpeg"}],"twitter_card":"summary_large_image","twitter_site":"@matthiaskamann","twitter_misc":{"Ber\u00e4knad l\u00e4stid":"1 minute"},"schema":{"@context":"https:\/\/schema.org","@graph":[{"@type":"WebPage","@id":"https:\/\/matthiaskamann.com\/sv\/webbsidor\/","url":"https:\/\/matthiaskamann.com\/sv\/webbsidor\/","name":"Webbsidor - Matthias Kamann","isPartOf":{"@id":"https:\/\/matthiaskamann.com\/sv\/#website"},"primaryImageOfPage":{"@id":"https:\/\/matthiaskamann.com\/sv\/webbsidor\/#primaryimage"},"image":{"@id":"https:\/\/matthiaskamann.com\/sv\/webbsidor\/#primaryimage"},"thumbnailUrl":"https:\/\/matthiaskamann.com\/wp-content\/uploads\/2024\/08\/Hej-Sweden-Logo-2020-03-3-sq1.jpg","datePublished":"2022-02-07T14:27:00+00:00","dateModified":"2025-09-16T16:20:58+00:00","breadcrumb":{"@id":"https:\/\/matthiaskamann.com\/sv\/webbsidor\/#breadcrumb"},"inLanguage":"sv-SE","potentialAction":[{"@type":"ReadAction","target":["https:\/\/matthiaskamann.com\/sv\/webbsidor\/"]}]},{"@type":"ImageObject","inLanguage":"sv-SE","@id":"https:\/\/matthiaskamann.com\/sv\/webbsidor\/#primaryimage","url":"https:\/\/matthiaskamann.com\/wp-content\/uploads\/2024\/08\/Hej-Sweden-Logo-2020-03-3-sq1.jpg","contentUrl":"https:\/\/matthiaskamann.com\/wp-content\/uploads\/2024\/08\/Hej-Sweden-Logo-2020-03-3-sq1.jpg"},{"@type":"BreadcrumbList","@id":"https:\/\/matthiaskamann.com\/sv\/webbsidor\/#breadcrumb","itemListElement":[{"@type":"ListItem","position":1,"name":"Home","item":"https:\/\/matthiaskamann.com\/sv\/"},{"@type":"ListItem","position":2,"name":"Webbsidor"}]},{"@type":"WebSite","@id":"https:\/\/matthiaskamann.com\/sv\/#website","url":"https:\/\/matthiaskamann.com\/sv\/","name":"Matthias Kamann","description":"Author, Blogger &amp; Professional &quot;New-Swede&quot;","publisher":{"@id":"https:\/\/matthiaskamann.com\/sv\/#\/schema\/person\/e8b29813fd9acaa289169dbfe2cdbc51"},"potentialAction":[{"@type":"SearchAction","target":{"@type":"EntryPoint","urlTemplate":"https:\/\/matthiaskamann.com\/sv\/?s={search_term_string}"},"query-input":{"@type":"PropertyValueSpecification","valueRequired":true,"valueName":"search_term_string"}}],"inLanguage":"sv-SE"},{"@type":["Person","Organization"],"@id":"https:\/\/matthiaskamann.com\/sv\/#\/schema\/person\/e8b29813fd9acaa289169dbfe2cdbc51","name":"Matthias Kamann","image":{"@type":"ImageObject","inLanguage":"sv-SE","@id":"https:\/\/matthiaskamann.com\/wp-content\/uploads\/2023\/03\/cropped-Matthias-Kamann-Logo-2023-230308-1-sq.png","url":"https:\/\/matthiaskamann.com\/wp-content\/uploads\/2023\/03\/cropped-Matthias-Kamann-Logo-2023-230308-1-sq.png","contentUrl":"https:\/\/matthiaskamann.com\/wp-content\/uploads\/2023\/03\/cropped-Matthias-Kamann-Logo-2023-230308-1-sq.png","width":512,"height":512,"caption":"Matthias Kamann"},"logo":{"@id":"https:\/\/matthiaskamann.com\/wp-content\/uploads\/2023\/03\/cropped-Matthias-Kamann-Logo-2023-230308-1-sq.png"},"description":"Matthias is an author, designer and professional new-Swede living in the South of Sweden. He explores the country, looking for the most beautiful locations and exciting experiences. In his books depicts and explains the quirks of Swedish culture. Matthias' design work is inspired by the simplicity of Scandinavian lifestyle and idyllic nature, influenced by his love for Sweden, spiced with a pinch of (sometimes silly) sense of humour.","sameAs":["https:\/\/matthiaskamann.com","https:\/\/www.instagram.com\/matthiaskamann\/","https:\/\/x.com\/matthiaskamann"]}]}},"_links":{"self":[{"href":"https:\/\/matthiaskamann.com\/sv\/wp-json\/wp\/v2\/pages\/1199","targetHints":{"allow":["GET"]}}],"collection":[{"href":"https:\/\/matthiaskamann.com\/sv\/wp-json\/wp\/v2\/pages"}],"about":[{"href":"https:\/\/matthiaskamann.com\/sv\/wp-json\/wp\/v2\/types\/page"}],"author":[{"embeddable":true,"href":"https:\/\/matthiaskamann.com\/sv\/wp-json\/wp\/v2\/users\/2"}],"replies":[{"embeddable":true,"href":"https:\/\/matthiaskamann.com\/sv\/wp-json\/wp\/v2\/comments?post=1199"}],"version-history":[{"count":1,"href":"https:\/\/matthiaskamann.com\/sv\/wp-json\/wp\/v2\/pages\/1199\/revisions"}],"predecessor-version":[{"id":1813,"href":"https:\/\/matthiaskamann.com\/sv\/wp-json\/wp\/v2\/pages\/1199\/revisions\/1813"}],"wp:attachment":[{"href":"https:\/\/matthiaskamann.com\/sv\/wp-json\/wp\/v2\/media?parent=1199"}],"curies":[{"name":"wp","href":"https:\/\/api.w.org\/{rel}","templated":true}]}}